{"id":1201672,"date":"2022-10-14T09:21:33","date_gmt":"2022-10-14T09:21:33","guid":{"rendered":"https:\/\/universeproduction.eu\/product\/ladies-valueweight-t\/"},"modified":"2022-10-14T09:21:33","modified_gmt":"2022-10-14T09:21:33","slug":"ladies-valueweight-t","status":"publish","type":"product","link":"https:\/\/universeproduction.com\/pl\/produkt\/ladies-valueweight-t\/","title":{"rendered":"Ladies\u00b4 Valueweight T"},"content":{"rendered":"<p>Bawe\u0142niane, pr\u0105\u017ckowane wyko\u0144czenie dekoltu z dodatkiem Lycra\u00ae | Ta\u015bma z tego samego materia\u0142u na karku | Wyprofilowane szwy boczne zapewniaj\u0105 kobiecy kr\u00f3j | Tkanina o drobnym splocie | ValueweightTs<\/p>\n","protected":false},"excerpt":{"rendered":"<p>Bawe\u0142niane, pr\u0105\u017ckowane wyko\u0144czenie dekoltu z dodatkiem Lycra\u00ae | Ta\u015bma z tego samego materia\u0142u na karku | Wyprofilowane szwy boczne zapewniaj\u0105 kobiecy kr\u00f3j | Tkanina o drobnym splocie | ValueweightTs<\/p>\n","protected":false},"featured_media":858741,"template":"","meta":[],"product_cat":[99842,100460,100458],"product_tag":[],"_links":{"self":[{"href":"https:\/\/universeproduction.com\/pl\/wp-json\/wp\/v2\/product\/1201672"}],"collection":[{"href":"https:\/\/universeproduction.com\/pl\/wp-json\/wp\/v2\/product"}],"about":[{"href":"https:\/\/universeproduction.com\/pl\/wp-json\/wp\/v2\/types\/product"}],"wp:featuredmedia":[{"embeddable":true,"href":"https:\/\/universeproduction.com\/pl\/wp-json\/wp\/v2\/media\/858741"}],"wp:attachment":[{"href":"https:\/\/universeproduction.com\/pl\/wp-json\/wp\/v2\/media?parent=1201672"}],"wp:term":[{"taxonomy":"product_cat","embeddable":true,"href":"https:\/\/universeproduction.com\/pl\/wp-json\/wp\/v2\/product_cat?post=1201672"},{"taxonomy":"product_tag","embeddable":true,"href":"https:\/\/universeproduction.com\/pl\/wp-json\/wp\/v2\/product_tag?post=1201672"}],"curies":[{"name":"wp","href":"https:\/\/api.w.org\/{rel}","templated":true}]}}