{"id":1200987,"date":"2022-10-14T09:21:12","date_gmt":"2022-10-14T09:21:12","guid":{"rendered":"https:\/\/universeproduction.eu\/product\/ladies-iconic-t\/"},"modified":"2022-10-14T09:21:12","modified_gmt":"2022-10-14T09:21:12","slug":"ladies-iconic-t","status":"publish","type":"product","link":"https:\/\/universeproduction.com\/pl\/produkt\/ladies-iconic-t\/","title":{"rendered":"Ladies\u00b4 Iconic T"},"content":{"rendered":"<p>100% bawe\u0142na czesana ring-spun | Mi\u0119kki uchwyt | Wyprofilowane szwy boczne zapewniaj\u0105 kobiecy kr\u00f3j | Okr\u0105g\u0142y, pr\u0105\u017ckowany dekolt | Ta\u015bma z tego samego materia\u0142u na karku | Odrywana metka<\/p>\n","protected":false},"excerpt":{"rendered":"<p>100% bawe\u0142na czesana ring-spun | Mi\u0119kki uchwyt | Wyprofilowane szwy boczne zapewniaj\u0105 kobiecy kr\u00f3j | Okr\u0105g\u0142y, pr\u0105\u017ckowany dekolt | Ta\u015bma z tego samego materia\u0142u na karku | Odrywana metka<\/p>\n","protected":false},"featured_media":1156175,"template":"","meta":[],"product_cat":[99842,100460,100458],"product_tag":[],"_links":{"self":[{"href":"https:\/\/universeproduction.com\/pl\/wp-json\/wp\/v2\/product\/1200987"}],"collection":[{"href":"https:\/\/universeproduction.com\/pl\/wp-json\/wp\/v2\/product"}],"about":[{"href":"https:\/\/universeproduction.com\/pl\/wp-json\/wp\/v2\/types\/product"}],"wp:featuredmedia":[{"embeddable":true,"href":"https:\/\/universeproduction.com\/pl\/wp-json\/wp\/v2\/media\/1156175"}],"wp:attachment":[{"href":"https:\/\/universeproduction.com\/pl\/wp-json\/wp\/v2\/media?parent=1200987"}],"wp:term":[{"taxonomy":"product_cat","embeddable":true,"href":"https:\/\/universeproduction.com\/pl\/wp-json\/wp\/v2\/product_cat?post=1200987"},{"taxonomy":"product_tag","embeddable":true,"href":"https:\/\/universeproduction.com\/pl\/wp-json\/wp\/v2\/product_tag?post=1200987"}],"curies":[{"name":"wp","href":"https:\/\/api.w.org\/{rel}","templated":true}]}}