{"id":1198797,"date":"2022-10-14T09:19:42","date_gmt":"2022-10-14T09:19:42","guid":{"rendered":"https:\/\/universeproduction.eu\/product\/womens-t-shirt-e150\/"},"modified":"2022-10-14T09:19:42","modified_gmt":"2022-10-14T09:19:42","slug":"womens-t-shirt-e150","status":"publish","type":"product","link":"https:\/\/universeproduction.com\/pl\/produkt\/womens-t-shirt-e150\/","title":{"rendered":"Women\u00b4s T-Shirt #E150"},"content":{"rendered":"<p>100% bawe\u0142na dekatyzowana ring-spun | Koszulka z kr\u00f3tkim r\u0119kawem, z wysokiej jako\u015bci tkaniny (150 g) firmy B&#038;C | Swobodny fason | Szwy boczne | W\u0105skie, pr\u0105\u017ckowane wyko\u0144czenie dekoltu | Satynowa metka | 100% bawe\u0142na ring-spun | Single jersey | Dekatyzowana | Wytrzyma\u0142a tkanina | Bardzo g\u0142adka powierzchnia | B&#038;C Collection jest cz\u0142onkiem Fair Wear Foundation<\/p>\n","protected":false},"excerpt":{"rendered":"<p>100% bawe\u0142na dekatyzowana ring-spun | Koszulka z kr\u00f3tkim r\u0119kawem, z wysokiej jako\u015bci tkaniny (150 g) firmy B&#038;C | Swobodny fason | Szwy boczne | W\u0105skie, pr\u0105\u017ckowane wyko\u0144czenie dekoltu | Satynowa metka | 100% bawe\u0142na ring-spun | Single jersey | Dekatyzowana | Wytrzyma\u0142a tkanina | Bardzo g\u0142adka powierzchnia | B&#038;C Collection jest cz\u0142onkiem Fair Wear Foundation<\/p>\n","protected":false},"featured_media":782431,"template":"","meta":[],"product_cat":[99842,100460,100458],"product_tag":[],"_links":{"self":[{"href":"https:\/\/universeproduction.com\/pl\/wp-json\/wp\/v2\/product\/1198797"}],"collection":[{"href":"https:\/\/universeproduction.com\/pl\/wp-json\/wp\/v2\/product"}],"about":[{"href":"https:\/\/universeproduction.com\/pl\/wp-json\/wp\/v2\/types\/product"}],"wp:featuredmedia":[{"embeddable":true,"href":"https:\/\/universeproduction.com\/pl\/wp-json\/wp\/v2\/media\/782431"}],"wp:attachment":[{"href":"https:\/\/universeproduction.com\/pl\/wp-json\/wp\/v2\/media?parent=1198797"}],"wp:term":[{"taxonomy":"product_cat","embeddable":true,"href":"https:\/\/universeproduction.com\/pl\/wp-json\/wp\/v2\/product_cat?post=1198797"},{"taxonomy":"product_tag","embeddable":true,"href":"https:\/\/universeproduction.com\/pl\/wp-json\/wp\/v2\/product_tag?post=1198797"}],"curies":[{"name":"wp","href":"https:\/\/api.w.org\/{rel}","templated":true}]}}