{"id":1195745,"date":"2022-10-14T09:11:23","date_gmt":"2022-10-14T09:11:23","guid":{"rendered":"https:\/\/universeproduction.eu\/product\/ladies-softstyle-t-shirt\/"},"modified":"2022-10-14T09:11:23","modified_gmt":"2022-10-14T09:11:23","slug":"ladies-softstyle-t-shirt","status":"publish","type":"product","link":"https:\/\/universeproduction.com\/pl\/produkt\/ladies-softstyle-t-shirt\/","title":{"rendered":"Ladies\u00b4 Softstyle\u00ae T-Shirt"},"content":{"rendered":"<p>Bawe\u0142na ring-spun | Mi\u0119kka tkanina typu ring-spun | G\u0142adka powierzchnia materia\u0142u poch\u0142aniaj\u0105cego wilgo\u0107 | Ko\u0142nierzyk wyko\u0144czony dzianin\u0105 pr\u0105\u017ckowan\u0105 (1,3 cm) | Ta\u015bma wzmacniaj\u0105ca wzd\u0142u\u017c ramion | R\u0119kawy typu short cap | Podw\u00f3jny szew na r\u0119kawach i u do\u0142u koszulki | Dopasowany fason ze szwami bocznymi | Odrywana metka w kolorze szarym z po\u0142yskiem<\/p>\n","protected":false},"excerpt":{"rendered":"<p>Bawe\u0142na ring-spun | Mi\u0119kka tkanina typu ring-spun | G\u0142adka powierzchnia materia\u0142u poch\u0142aniaj\u0105cego wilgo\u0107 | Ko\u0142nierzyk wyko\u0144czony dzianin\u0105 pr\u0105\u017ckowan\u0105 (1,3 cm) | Ta\u015bma wzmacniaj\u0105ca wzd\u0142u\u017c ramion | R\u0119kawy typu short cap | Podw\u00f3jny szew na r\u0119kawach i u do\u0142u koszulki | Dopasowany fason ze szwami bocznymi | Odrywana metka w kolorze szarym z po\u0142yskiem<\/p>\n","protected":false},"featured_media":1224813,"template":"","meta":[],"product_cat":[99842,100460,100458],"product_tag":[],"_links":{"self":[{"href":"https:\/\/universeproduction.com\/pl\/wp-json\/wp\/v2\/product\/1195745"}],"collection":[{"href":"https:\/\/universeproduction.com\/pl\/wp-json\/wp\/v2\/product"}],"about":[{"href":"https:\/\/universeproduction.com\/pl\/wp-json\/wp\/v2\/types\/product"}],"wp:featuredmedia":[{"embeddable":true,"href":"https:\/\/universeproduction.com\/pl\/wp-json\/wp\/v2\/media\/1224813"}],"wp:attachment":[{"href":"https:\/\/universeproduction.com\/pl\/wp-json\/wp\/v2\/media?parent=1195745"}],"wp:term":[{"taxonomy":"product_cat","embeddable":true,"href":"https:\/\/universeproduction.com\/pl\/wp-json\/wp\/v2\/product_cat?post=1195745"},{"taxonomy":"product_tag","embeddable":true,"href":"https:\/\/universeproduction.com\/pl\/wp-json\/wp\/v2\/product_tag?post=1195745"}],"curies":[{"name":"wp","href":"https:\/\/api.w.org\/{rel}","templated":true}]}}