{"id":1194117,"date":"2022-10-12T08:46:50","date_gmt":"2022-10-12T08:46:50","guid":{"rendered":"https:\/\/universeproduction.eu\/product\/mens-long-sleeve-fitted-stretch-shirt\/"},"modified":"2022-10-12T08:46:50","modified_gmt":"2022-10-12T08:46:50","slug":"mens-long-sleeve-fitted-stretch-shirt","status":"publish","type":"product","link":"https:\/\/universeproduction.com\/pl\/produkt\/mens-long-sleeve-fitted-stretch-shirt\/","title":{"rendered":"Men\u00b4s Long Sleeve Fitted Stretch Shirt"},"content":{"rendered":"<p>Modna, dopasowana koszula | Bawe\u0142na czesana | \u0141atwa w piel\u0119gnacji tkanina ze streczu | Kr\u00f3tki ko\u0142nierz | Listwa z 7 guzikami w tym samym kolorze | 2 guziki na mankiecie i jeden na nadgarstku | Zaokr\u0105glony d\u00f3\u0142 koszuli | Zapasowy guzik<\/p>\n","protected":false},"excerpt":{"rendered":"<p>Modna, dopasowana koszula | Bawe\u0142na czesana | \u0141atwa w piel\u0119gnacji tkanina ze streczu | Kr\u00f3tki ko\u0142nierz | Listwa z 7 guzikami w tym samym kolorze | 2 guziki na mankiecie i jeden na nadgarstku | Zaokr\u0105glony d\u00f3\u0142 koszuli | Zapasowy guzik<\/p>\n","protected":false},"featured_media":1151085,"template":"","meta":[],"product_cat":[100440,99839],"product_tag":[],"_links":{"self":[{"href":"https:\/\/universeproduction.com\/pl\/wp-json\/wp\/v2\/product\/1194117"}],"collection":[{"href":"https:\/\/universeproduction.com\/pl\/wp-json\/wp\/v2\/product"}],"about":[{"href":"https:\/\/universeproduction.com\/pl\/wp-json\/wp\/v2\/types\/product"}],"wp:featuredmedia":[{"embeddable":true,"href":"https:\/\/universeproduction.com\/pl\/wp-json\/wp\/v2\/media\/1151085"}],"wp:attachment":[{"href":"https:\/\/universeproduction.com\/pl\/wp-json\/wp\/v2\/media?parent=1194117"}],"wp:term":[{"taxonomy":"product_cat","embeddable":true,"href":"https:\/\/universeproduction.com\/pl\/wp-json\/wp\/v2\/product_cat?post=1194117"},{"taxonomy":"product_tag","embeddable":true,"href":"https:\/\/universeproduction.com\/pl\/wp-json\/wp\/v2\/product_tag?post=1194117"}],"curies":[{"name":"wp","href":"https:\/\/api.w.org\/{rel}","templated":true}]}}