{"id":1193912,"date":"2022-10-12T08:12:07","date_gmt":"2022-10-12T08:12:07","guid":{"rendered":"https:\/\/universeproduction.eu\/product\/mens-nano-bodywarmer\/"},"modified":"2022-10-12T08:12:07","modified_gmt":"2022-10-12T08:12:07","slug":"mens-nano-bodywarmer","status":"publish","type":"product","link":"https:\/\/universeproduction.com\/pl\/produkt\/mens-nano-bodywarmer\/","title":{"rendered":"Men\u00b4s Nano Bodywarmer"},"content":{"rendered":"<p>Pow\u0142oka wodoodporna Aquapel by Nanotex\u00ae | Bez fluoru i PFC | Podszewka Dupont&#x2122; Sorona\u00ae | St\u00f3jka z patk\u0105 chroni\u0105c\u0105 podbr\u00f3dek, klapa sztormowa od wewn\u0105trz | Zamki i podszewka w kontrastowym kolorze | 2 boczne kieszenie i jedna wewn\u0119trzna kiesze\u0144 zapinana na zamek b\u0142yskawiczny | Dost\u0119p do znakowania w podszewce | D\u00f3\u0142 regulowany sznurkiem<\/p>\n","protected":false},"excerpt":{"rendered":"<p>Pow\u0142oka wodoodporna Aquapel by Nanotex\u00ae | Bez fluoru i PFC | Podszewka Dupont&#x2122; Sorona\u00ae | St\u00f3jka z patk\u0105 chroni\u0105c\u0105 podbr\u00f3dek, klapa sztormowa od wewn\u0105trz | Zamki i podszewka w kontrastowym kolorze | 2 boczne kieszenie i jedna wewn\u0119trzna kiesze\u0144 zapinana na zamek b\u0142yskawiczny | Dost\u0119p do znakowania w podszewce | D\u00f3\u0142 regulowany sznurkiem<\/p>\n","protected":false},"featured_media":1150677,"template":"","meta":[],"product_cat":[100437,99839],"product_tag":[],"_links":{"self":[{"href":"https:\/\/universeproduction.com\/pl\/wp-json\/wp\/v2\/product\/1193912"}],"collection":[{"href":"https:\/\/universeproduction.com\/pl\/wp-json\/wp\/v2\/product"}],"about":[{"href":"https:\/\/universeproduction.com\/pl\/wp-json\/wp\/v2\/types\/product"}],"wp:featuredmedia":[{"embeddable":true,"href":"https:\/\/universeproduction.com\/pl\/wp-json\/wp\/v2\/media\/1150677"}],"wp:attachment":[{"href":"https:\/\/universeproduction.com\/pl\/wp-json\/wp\/v2\/media?parent=1193912"}],"wp:term":[{"taxonomy":"product_cat","embeddable":true,"href":"https:\/\/universeproduction.com\/pl\/wp-json\/wp\/v2\/product_cat?post=1193912"},{"taxonomy":"product_tag","embeddable":true,"href":"https:\/\/universeproduction.com\/pl\/wp-json\/wp\/v2\/product_tag?post=1193912"}],"curies":[{"name":"wp","href":"https:\/\/api.w.org\/{rel}","templated":true}]}}