{"id":1193364,"date":"2022-10-12T08:06:55","date_gmt":"2022-10-12T08:06:55","guid":{"rendered":"https:\/\/universeproduction.eu\/product\/ablaze-printable-bodywarmer\/"},"modified":"2022-10-12T08:06:55","modified_gmt":"2022-10-12T08:06:55","slug":"ablaze-printable-bodywarmer","status":"publish","type":"product","link":"https:\/\/universeproduction.com\/pl\/produkt\/ablaze-printable-bodywarmer\/","title":{"rendered":"Ablaze Printable Bodywarmer"},"content":{"rendered":"<p>Ciep\u0142y materia\u0142 softshell ze streczem | Trwa\u0142e, wodoodporne wyko\u0144czenie | Tkanina Softshell do druku | Zamek os\u0142oni\u0119ty klap\u0105 sztormow\u0105, od wewn\u0105trz | Bez zewn\u0119trznego logo marki | Odcinana metka<\/p>\n","protected":false},"excerpt":{"rendered":"<p>Ciep\u0142y materia\u0142 softshell ze streczem | Trwa\u0142e, wodoodporne wyko\u0144czenie | Tkanina Softshell do druku | Zamek os\u0142oni\u0119ty klap\u0105 sztormow\u0105, od wewn\u0105trz | Bez zewn\u0119trznego logo marki | Odcinana metka<\/p>\n","protected":false},"featured_media":1150590,"template":"","meta":[],"product_cat":[100437,99839],"product_tag":[],"_links":{"self":[{"href":"https:\/\/universeproduction.com\/pl\/wp-json\/wp\/v2\/product\/1193364"}],"collection":[{"href":"https:\/\/universeproduction.com\/pl\/wp-json\/wp\/v2\/product"}],"about":[{"href":"https:\/\/universeproduction.com\/pl\/wp-json\/wp\/v2\/types\/product"}],"wp:featuredmedia":[{"embeddable":true,"href":"https:\/\/universeproduction.com\/pl\/wp-json\/wp\/v2\/media\/1150590"}],"wp:attachment":[{"href":"https:\/\/universeproduction.com\/pl\/wp-json\/wp\/v2\/media?parent=1193364"}],"wp:term":[{"taxonomy":"product_cat","embeddable":true,"href":"https:\/\/universeproduction.com\/pl\/wp-json\/wp\/v2\/product_cat?post=1193364"},{"taxonomy":"product_tag","embeddable":true,"href":"https:\/\/universeproduction.com\/pl\/wp-json\/wp\/v2\/product_tag?post=1193364"}],"curies":[{"name":"wp","href":"https:\/\/api.w.org\/{rel}","templated":true}]}}