{"id":1193232,"date":"2022-10-12T08:06:29","date_gmt":"2022-10-12T08:06:29","guid":{"rendered":"https:\/\/universeproduction.eu\/product\/bodywarmer\/"},"modified":"2022-10-12T08:06:29","modified_gmt":"2022-10-12T08:06:29","slug":"bodywarmer","status":"publish","type":"product","link":"https:\/\/universeproduction.com\/pl\/produkt\/bodywarmer\/","title":{"rendered":"Bodywarmer"},"content":{"rendered":"<p>Tkanina zewn\u0119trzna: poliester z pow\u0142ok\u0105 AC | Wype\u0142nienie: poliester 160 g\/m\u00b2 | Produkt wodoodporny, wiatroszczelny, szybkoschn\u0105cy | Zamek b\u0142yskawiczny na ca\u0142ej d\u0142ugo\u015bci | G\u0142\u0119bokie wyci\u0119cia pach | 2 kieszenie z przodu, 1 kiesze\u0144 wewn\u0119trzna | Idealna do ubierania warstwowego. Polarowa podszewka | Modny fason<\/p>\n","protected":false},"excerpt":{"rendered":"<p>Tkanina zewn\u0119trzna: poliester z pow\u0142ok\u0105 AC | Wype\u0142nienie: poliester 160 g\/m\u00b2 | Produkt wodoodporny, wiatroszczelny, szybkoschn\u0105cy | Zamek b\u0142yskawiczny na ca\u0142ej d\u0142ugo\u015bci | G\u0142\u0119bokie wyci\u0119cia pach | 2 kieszenie z przodu, 1 kiesze\u0144 wewn\u0119trzna | Idealna do ubierania warstwowego. Polarowa podszewka | Modny fason<\/p>\n","protected":false},"featured_media":1165306,"template":"","meta":[],"product_cat":[100437,99839],"product_tag":[],"_links":{"self":[{"href":"https:\/\/universeproduction.com\/pl\/wp-json\/wp\/v2\/product\/1193232"}],"collection":[{"href":"https:\/\/universeproduction.com\/pl\/wp-json\/wp\/v2\/product"}],"about":[{"href":"https:\/\/universeproduction.com\/pl\/wp-json\/wp\/v2\/types\/product"}],"wp:featuredmedia":[{"embeddable":true,"href":"https:\/\/universeproduction.com\/pl\/wp-json\/wp\/v2\/media\/1165306"}],"wp:attachment":[{"href":"https:\/\/universeproduction.com\/pl\/wp-json\/wp\/v2\/media?parent=1193232"}],"wp:term":[{"taxonomy":"product_cat","embeddable":true,"href":"https:\/\/universeproduction.com\/pl\/wp-json\/wp\/v2\/product_cat?post=1193232"},{"taxonomy":"product_tag","embeddable":true,"href":"https:\/\/universeproduction.com\/pl\/wp-json\/wp\/v2\/product_tag?post=1193232"}],"curies":[{"name":"wp","href":"https:\/\/api.w.org\/{rel}","templated":true}]}}