{"id":1192983,"date":"2022-10-12T06:58:26","date_gmt":"2022-10-12T06:58:26","guid":{"rendered":"https:\/\/universeproduction.eu\/product\/nylon-bomber-jacket\/"},"modified":"2022-10-12T06:58:26","modified_gmt":"2022-10-12T06:58:26","slug":"nylon-bomber-jacket","status":"publish","type":"product","link":"https:\/\/universeproduction.com\/pl\/produkt\/nylon-bomber-jacket\/","title":{"rendered":"Nylon Bomber Jacket"},"content":{"rendered":"<p>Neutralna metka rozmiarowa | Ta\u015bma wzmacniaj\u0105ca na karku (mo\u017cliwo\u015b\u0107 nadruku) | Pr\u0105\u017ckowane \u015bci\u0105gacze u do\u0142u bluzy i przy r\u0119kawach | Kieszenie boczne | Klasyczna kurtka bomber | Kiesze\u0144 na lewym r\u0119kawie<\/p>\n","protected":false},"excerpt":{"rendered":"<p>Neutralna metka rozmiarowa | Ta\u015bma wzmacniaj\u0105ca na karku (mo\u017cliwo\u015b\u0107 nadruku) | Pr\u0105\u017ckowane \u015bci\u0105gacze u do\u0142u bluzy i przy r\u0119kawach | Kieszenie boczne | Klasyczna kurtka bomber | Kiesze\u0144 na lewym r\u0119kawie<\/p>\n","protected":false},"featured_media":1150568,"template":"","meta":[],"product_cat":[100444,99839],"product_tag":[],"_links":{"self":[{"href":"https:\/\/universeproduction.com\/pl\/wp-json\/wp\/v2\/product\/1192983"}],"collection":[{"href":"https:\/\/universeproduction.com\/pl\/wp-json\/wp\/v2\/product"}],"about":[{"href":"https:\/\/universeproduction.com\/pl\/wp-json\/wp\/v2\/types\/product"}],"wp:featuredmedia":[{"embeddable":true,"href":"https:\/\/universeproduction.com\/pl\/wp-json\/wp\/v2\/media\/1150568"}],"wp:attachment":[{"href":"https:\/\/universeproduction.com\/pl\/wp-json\/wp\/v2\/media?parent=1192983"}],"wp:term":[{"taxonomy":"product_cat","embeddable":true,"href":"https:\/\/universeproduction.com\/pl\/wp-json\/wp\/v2\/product_cat?post=1192983"},{"taxonomy":"product_tag","embeddable":true,"href":"https:\/\/universeproduction.com\/pl\/wp-json\/wp\/v2\/product_tag?post=1192983"}],"curies":[{"name":"wp","href":"https:\/\/api.w.org\/{rel}","templated":true}]}}