{"id":1192727,"date":"2022-10-12T06:56:49","date_gmt":"2022-10-12T06:56:49","guid":{"rendered":"https:\/\/universeproduction.eu\/product\/mens-hooded-softshell-jacket-replay\/"},"modified":"2022-10-12T06:56:49","modified_gmt":"2022-10-12T06:56:49","slug":"mens-hooded-softshell-jacket-replay","status":"publish","type":"product","link":"https:\/\/universeproduction.com\/pl\/produkt\/mens-hooded-softshell-jacket-replay\/","title":{"rendered":"Men\u00b4s Hooded Softshell Jacket Replay"},"content":{"rendered":"<p>Oddychaj\u0105ca i wodoodporna: 8000 mm membrana | 2 kieszenie po bokach i 1 kiesze\u0144 na klatce piersiowej na zamek | Regulowany troczek w pasie | Regulowany d\u00f3\u0142 i mankiety zapinane na rzep | Kaptur z troczkami<\/p>\n","protected":false},"excerpt":{"rendered":"<p>Oddychaj\u0105ca i wodoodporna: 8000 mm membrana | 2 kieszenie po bokach i 1 kiesze\u0144 na klatce piersiowej na zamek | Regulowany troczek w pasie | Regulowany d\u00f3\u0142 i mankiety zapinane na rzep | Kaptur z troczkami<\/p>\n","protected":false},"featured_media":968868,"template":"","meta":[],"product_cat":[100444,99839],"product_tag":[],"_links":{"self":[{"href":"https:\/\/universeproduction.com\/pl\/wp-json\/wp\/v2\/product\/1192727"}],"collection":[{"href":"https:\/\/universeproduction.com\/pl\/wp-json\/wp\/v2\/product"}],"about":[{"href":"https:\/\/universeproduction.com\/pl\/wp-json\/wp\/v2\/types\/product"}],"wp:featuredmedia":[{"embeddable":true,"href":"https:\/\/universeproduction.com\/pl\/wp-json\/wp\/v2\/media\/968868"}],"wp:attachment":[{"href":"https:\/\/universeproduction.com\/pl\/wp-json\/wp\/v2\/media?parent=1192727"}],"wp:term":[{"taxonomy":"product_cat","embeddable":true,"href":"https:\/\/universeproduction.com\/pl\/wp-json\/wp\/v2\/product_cat?post=1192727"},{"taxonomy":"product_tag","embeddable":true,"href":"https:\/\/universeproduction.com\/pl\/wp-json\/wp\/v2\/product_tag?post=1192727"}],"curies":[{"name":"wp","href":"https:\/\/api.w.org\/{rel}","templated":true}]}}