{"id":1192636,"date":"2022-10-12T06:15:25","date_gmt":"2022-10-12T06:15:25","guid":{"rendered":"https:\/\/universeproduction.eu\/product\/mens-full-zip-outdoor-fleece\/"},"modified":"2022-10-12T06:15:25","modified_gmt":"2022-10-12T06:15:25","slug":"mens-full-zip-outdoor-fleece","status":"publish","type":"product","link":"https:\/\/universeproduction.com\/pl\/produkt\/mens-full-zip-outdoor-fleece\/","title":{"rendered":"Men\u00b4s Full Zip Outdoor Fleece"},"content":{"rendered":"<p>Ciep\u0142y materia\u0142 polarowy o g\u0119stym splocie | Bardzo g\u0142adka powierzchnia | St\u00f3jka | Troczek \u015bci\u0105gaj\u0105cy u do\u0142u | Szwy boczne | Polar zabezpieczony pow\u0142ok\u0105 ani-pill | Boczne kieszenie z zamkami na lewej stronie<\/p>\n","protected":false},"excerpt":{"rendered":"<p>Ciep\u0142y materia\u0142 polarowy o g\u0119stym splocie | Bardzo g\u0142adka powierzchnia | St\u00f3jka | Troczek \u015bci\u0105gaj\u0105cy u do\u0142u | Szwy boczne | Polar zabezpieczony pow\u0142ok\u0105 ani-pill | Boczne kieszenie z zamkami na lewej stronie<\/p>\n","protected":false},"featured_media":1150096,"template":"","meta":[],"product_cat":[100445,99839,100446],"product_tag":[],"_links":{"self":[{"href":"https:\/\/universeproduction.com\/pl\/wp-json\/wp\/v2\/product\/1192636"}],"collection":[{"href":"https:\/\/universeproduction.com\/pl\/wp-json\/wp\/v2\/product"}],"about":[{"href":"https:\/\/universeproduction.com\/pl\/wp-json\/wp\/v2\/types\/product"}],"wp:featuredmedia":[{"embeddable":true,"href":"https:\/\/universeproduction.com\/pl\/wp-json\/wp\/v2\/media\/1150096"}],"wp:attachment":[{"href":"https:\/\/universeproduction.com\/pl\/wp-json\/wp\/v2\/media?parent=1192636"}],"wp:term":[{"taxonomy":"product_cat","embeddable":true,"href":"https:\/\/universeproduction.com\/pl\/wp-json\/wp\/v2\/product_cat?post=1192636"},{"taxonomy":"product_tag","embeddable":true,"href":"https:\/\/universeproduction.com\/pl\/wp-json\/wp\/v2\/product_tag?post=1192636"}],"curies":[{"name":"wp","href":"https:\/\/api.w.org\/{rel}","templated":true}]}}