{"id":1192165,"date":"2022-10-12T05:59:29","date_gmt":"2022-10-12T05:59:29","guid":{"rendered":"https:\/\/universeproduction.eu\/product\/fashion-fit-outdoor-fleece\/"},"modified":"2022-10-12T05:59:29","modified_gmt":"2022-10-12T05:59:29","slug":"fashion-fit-outdoor-fleece","status":"publish","type":"product","link":"https:\/\/universeproduction.com\/pl\/produkt\/fashion-fit-outdoor-fleece\/","title":{"rendered":"Fashion Fit Outdoor Fleece"},"content":{"rendered":"<p>Kieszenie boczne zapinane na zamek b\u0142yskawiczny | D\u00f3\u0142 regulowany troczkiem \u015bci\u0105gaj\u0105cym | Mi\u0119kka w dotyku tkanina | Zamek b\u0142yskawiczny na ca\u0142ej d\u0142ugo\u015bci | Regulacja z boku | Szwy podw\u00f3jne | Lam\u00f3wka na zako\u0144czeniu r\u0119kaw\u00f3w<\/p>\n","protected":false},"excerpt":{"rendered":"<p>Kieszenie boczne zapinane na zamek b\u0142yskawiczny | D\u00f3\u0142 regulowany troczkiem \u015bci\u0105gaj\u0105cym | Mi\u0119kka w dotyku tkanina | Zamek b\u0142yskawiczny na ca\u0142ej d\u0142ugo\u015bci | Regulacja z boku | Szwy podw\u00f3jne | Lam\u00f3wka na zako\u0144czeniu r\u0119kaw\u00f3w<\/p>\n","protected":false},"featured_media":1149326,"template":"","meta":[],"product_cat":[100445,99839,100446],"product_tag":[],"_links":{"self":[{"href":"https:\/\/universeproduction.com\/pl\/wp-json\/wp\/v2\/product\/1192165"}],"collection":[{"href":"https:\/\/universeproduction.com\/pl\/wp-json\/wp\/v2\/product"}],"about":[{"href":"https:\/\/universeproduction.com\/pl\/wp-json\/wp\/v2\/types\/product"}],"wp:featuredmedia":[{"embeddable":true,"href":"https:\/\/universeproduction.com\/pl\/wp-json\/wp\/v2\/media\/1149326"}],"wp:attachment":[{"href":"https:\/\/universeproduction.com\/pl\/wp-json\/wp\/v2\/media?parent=1192165"}],"wp:term":[{"taxonomy":"product_cat","embeddable":true,"href":"https:\/\/universeproduction.com\/pl\/wp-json\/wp\/v2\/product_cat?post=1192165"},{"taxonomy":"product_tag","embeddable":true,"href":"https:\/\/universeproduction.com\/pl\/wp-json\/wp\/v2\/product_tag?post=1192165"}],"curies":[{"name":"wp","href":"https:\/\/api.w.org\/{rel}","templated":true}]}}