{"id":1191854,"date":"2022-10-12T05:56:11","date_gmt":"2022-10-12T05:56:11","guid":{"rendered":"https:\/\/universeproduction.eu\/product\/fleecejacket-north\/"},"modified":"2022-10-12T05:56:11","modified_gmt":"2022-10-12T05:56:11","slug":"fleecejacket-north","status":"publish","type":"product","link":"https:\/\/universeproduction.com\/pl\/produkt\/fleecejacket-north\/","title":{"rendered":"Fleecejacket North"},"content":{"rendered":"<p>2 kieszenie boczne zapinane na zamek os\u0142oni\u0119te listw\u0105 | Niemechac\u0105ca si\u0119 pow\u0142oka | Elastyczne \u015bci\u0105gacze | Kr\u00f3tki zamek 1\/4 w kolorze bluzy | St\u00f3jka z podszewk\u0105 | Zaokr\u0105glony ty\u0142 | Regulacja do\u0142u za pomoc\u0105 troczka<\/p>\n","protected":false},"excerpt":{"rendered":"<p>2 kieszenie boczne zapinane na zamek os\u0142oni\u0119te listw\u0105 | Niemechac\u0105ca si\u0119 pow\u0142oka | Elastyczne \u015bci\u0105gacze | Kr\u00f3tki zamek 1\/4 w kolorze bluzy | St\u00f3jka z podszewk\u0105 | Zaokr\u0105glony ty\u0142 | Regulacja do\u0142u za pomoc\u0105 troczka<\/p>\n","protected":false},"featured_media":1224850,"template":"","meta":[],"product_cat":[100445,99839,100446],"product_tag":[],"_links":{"self":[{"href":"https:\/\/universeproduction.com\/pl\/wp-json\/wp\/v2\/product\/1191854"}],"collection":[{"href":"https:\/\/universeproduction.com\/pl\/wp-json\/wp\/v2\/product"}],"about":[{"href":"https:\/\/universeproduction.com\/pl\/wp-json\/wp\/v2\/types\/product"}],"wp:featuredmedia":[{"embeddable":true,"href":"https:\/\/universeproduction.com\/pl\/wp-json\/wp\/v2\/media\/1224850"}],"wp:attachment":[{"href":"https:\/\/universeproduction.com\/pl\/wp-json\/wp\/v2\/media?parent=1191854"}],"wp:term":[{"taxonomy":"product_cat","embeddable":true,"href":"https:\/\/universeproduction.com\/pl\/wp-json\/wp\/v2\/product_cat?post=1191854"},{"taxonomy":"product_tag","embeddable":true,"href":"https:\/\/universeproduction.com\/pl\/wp-json\/wp\/v2\/product_tag?post=1191854"}],"curies":[{"name":"wp","href":"https:\/\/api.w.org\/{rel}","templated":true}]}}