{"id":1191202,"date":"2022-10-12T05:55:53","date_gmt":"2022-10-12T05:55:53","guid":{"rendered":"https:\/\/universeproduction.eu\/product\/mens-fleece-jacket\/"},"modified":"2022-10-12T05:55:53","modified_gmt":"2022-10-12T05:55:53","slug":"mens-fleece-jacket","status":"publish","type":"product","link":"https:\/\/universeproduction.com\/pl\/produkt\/mens-fleece-jacket\/","title":{"rendered":"Men\u00b4s Fleece Jacket"},"content":{"rendered":"<p>D\u0142ugi zamek b\u0142yskawiczny. Kieszenie z boku | Materia\u0142 odporny na mechacenie | D\u00f3\u0142 regulowany stoperami<\/p>\n","protected":false},"excerpt":{"rendered":"<p>D\u0142ugi zamek b\u0142yskawiczny. Kieszenie z boku | Materia\u0142 odporny na mechacenie | D\u00f3\u0142 regulowany stoperami<\/p>\n","protected":false},"featured_media":1224853,"template":"","meta":[],"product_cat":[100445,99839,100446],"product_tag":[],"_links":{"self":[{"href":"https:\/\/universeproduction.com\/pl\/wp-json\/wp\/v2\/product\/1191202"}],"collection":[{"href":"https:\/\/universeproduction.com\/pl\/wp-json\/wp\/v2\/product"}],"about":[{"href":"https:\/\/universeproduction.com\/pl\/wp-json\/wp\/v2\/types\/product"}],"wp:featuredmedia":[{"embeddable":true,"href":"https:\/\/universeproduction.com\/pl\/wp-json\/wp\/v2\/media\/1224853"}],"wp:attachment":[{"href":"https:\/\/universeproduction.com\/pl\/wp-json\/wp\/v2\/media?parent=1191202"}],"wp:term":[{"taxonomy":"product_cat","embeddable":true,"href":"https:\/\/universeproduction.com\/pl\/wp-json\/wp\/v2\/product_cat?post=1191202"},{"taxonomy":"product_tag","embeddable":true,"href":"https:\/\/universeproduction.com\/pl\/wp-json\/wp\/v2\/product_tag?post=1191202"}],"curies":[{"name":"wp","href":"https:\/\/api.w.org\/{rel}","templated":true}]}}