{"id":1190804,"date":"2022-10-11T10:15:09","date_gmt":"2022-10-11T10:15:09","guid":{"rendered":"https:\/\/universeproduction.eu\/product\/varsity-jacket\/"},"modified":"2022-10-11T10:15:09","modified_gmt":"2022-10-11T10:15:09","slug":"varsity-jacket","status":"publish","type":"product","link":"https:\/\/universeproduction.com\/pl\/produkt\/varsity-jacket\/","title":{"rendered":"Varsity Jacket"},"content":{"rendered":"<p>Kontrastowe r\u0119kawy | St\u00f3jka, \u015bci\u0105gacze r\u0119kaw\u00f3w i do\u0142u bluzy z dzianiny w paski | Zatrzaski | Zapinana na zatrzaski w kontrastowym kolorze | Wszywane kieszenie | Czesany polar od wewn\u0105trz | Ta\u015bma wzmacniaj\u0105ca na karku | Uchwyt do zawieszania na karku | Odrywana metka | Mi\u0119kka bawe\u0142na idealna do znakowania<\/p>\n","protected":false},"excerpt":{"rendered":"<p>Kontrastowe r\u0119kawy | St\u00f3jka, \u015bci\u0105gacze r\u0119kaw\u00f3w i do\u0142u bluzy z dzianiny w paski | Zatrzaski | Zapinana na zatrzaski w kontrastowym kolorze | Wszywane kieszenie | Czesany polar od wewn\u0105trz | Ta\u015bma wzmacniaj\u0105ca na karku | Uchwyt do zawieszania na karku | Odrywana metka | Mi\u0119kka bawe\u0142na idealna do znakowania<\/p>\n","protected":false},"featured_media":1224856,"template":"","meta":[],"product_cat":[100445,99839,100448],"product_tag":[],"_links":{"self":[{"href":"https:\/\/universeproduction.com\/pl\/wp-json\/wp\/v2\/product\/1190804"}],"collection":[{"href":"https:\/\/universeproduction.com\/pl\/wp-json\/wp\/v2\/product"}],"about":[{"href":"https:\/\/universeproduction.com\/pl\/wp-json\/wp\/v2\/types\/product"}],"wp:featuredmedia":[{"embeddable":true,"href":"https:\/\/universeproduction.com\/pl\/wp-json\/wp\/v2\/media\/1224856"}],"wp:attachment":[{"href":"https:\/\/universeproduction.com\/pl\/wp-json\/wp\/v2\/media?parent=1190804"}],"wp:term":[{"taxonomy":"product_cat","embeddable":true,"href":"https:\/\/universeproduction.com\/pl\/wp-json\/wp\/v2\/product_cat?post=1190804"},{"taxonomy":"product_tag","embeddable":true,"href":"https:\/\/universeproduction.com\/pl\/wp-json\/wp\/v2\/product_tag?post=1190804"}],"curies":[{"name":"wp","href":"https:\/\/api.w.org\/{rel}","templated":true}]}}