{"id":1190429,"date":"2022-10-11T10:12:04","date_gmt":"2022-10-11T10:12:04","guid":{"rendered":"https:\/\/universeproduction.eu\/product\/lightweight-sweat-jacket\/"},"modified":"2022-10-11T10:12:04","modified_gmt":"2022-10-11T10:12:04","slug":"lightweight-sweat-jacket","status":"publish","type":"product","link":"https:\/\/universeproduction.com\/pl\/produkt\/lightweight-sweat-jacket\/","title":{"rendered":"Lightweight Sweat Jacket"},"content":{"rendered":"<p>Kurtka z lekkiego nieczesanego polaru | Raglanowe r\u0119kawy | Kryty zamek plastikowy w tym samym kolorze | Dwie naszywane kieszenie | Mankiety pr\u0105\u017ckowane z bawe\u0142ny\/Lycry\u00ae<\/p>\n","protected":false},"excerpt":{"rendered":"<p>Kurtka z lekkiego nieczesanego polaru | Raglanowe r\u0119kawy | Kryty zamek plastikowy w tym samym kolorze | Dwie naszywane kieszenie | Mankiety pr\u0105\u017ckowane z bawe\u0142ny\/Lycry\u00ae<\/p>\n","protected":false},"featured_media":1224862,"template":"","meta":[],"product_cat":[100445,99839,100448],"product_tag":[],"_links":{"self":[{"href":"https:\/\/universeproduction.com\/pl\/wp-json\/wp\/v2\/product\/1190429"}],"collection":[{"href":"https:\/\/universeproduction.com\/pl\/wp-json\/wp\/v2\/product"}],"about":[{"href":"https:\/\/universeproduction.com\/pl\/wp-json\/wp\/v2\/types\/product"}],"wp:featuredmedia":[{"embeddable":true,"href":"https:\/\/universeproduction.com\/pl\/wp-json\/wp\/v2\/media\/1224862"}],"wp:attachment":[{"href":"https:\/\/universeproduction.com\/pl\/wp-json\/wp\/v2\/media?parent=1190429"}],"wp:term":[{"taxonomy":"product_cat","embeddable":true,"href":"https:\/\/universeproduction.com\/pl\/wp-json\/wp\/v2\/product_cat?post=1190429"},{"taxonomy":"product_tag","embeddable":true,"href":"https:\/\/universeproduction.com\/pl\/wp-json\/wp\/v2\/product_tag?post=1190429"}],"curies":[{"name":"wp","href":"https:\/\/api.w.org\/{rel}","templated":true}]}}