{"id":1189349,"date":"2022-10-11T09:40:05","date_gmt":"2022-10-11T09:40:05","guid":{"rendered":"https:\/\/universeproduction.eu\/product\/cross-neck-hoodie\/"},"modified":"2022-10-11T09:40:05","modified_gmt":"2022-10-11T09:40:05","slug":"cross-neck-hoodie","status":"publish","type":"product","link":"https:\/\/universeproduction.com\/pl\/produkt\/cross-neck-hoodie\/","title":{"rendered":"Cross Neck Hoodie"},"content":{"rendered":"<p>Gruba bluza z kapturem | Detale obszyte podw\u00f3jnym szwem | Podw\u00f3jne szwy | 3-panelowy, dwuwarstwowy kaptur z troczkami | P\u0142askie troczki | \u015aci\u0105gacze przy r\u0119kawach i u do\u0142u bluzy z dzianiny pr\u0105\u017ckowanej | Kiesze\u0144 kangurka | Czesany polar od wewn\u0105trz | Mi\u0119kka bawe\u0142na idealna do znakowania | Odrywana metka | Otw\u00f3r na kciuk w mankiecie r\u0119kawa<\/p>\n","protected":false},"excerpt":{"rendered":"<p>Gruba bluza z kapturem | Detale obszyte podw\u00f3jnym szwem | Podw\u00f3jne szwy | 3-panelowy, dwuwarstwowy kaptur z troczkami | P\u0142askie troczki | \u015aci\u0105gacze przy r\u0119kawach i u do\u0142u bluzy z dzianiny pr\u0105\u017ckowanej | Kiesze\u0144 kangurka | Czesany polar od wewn\u0105trz | Mi\u0119kka bawe\u0142na idealna do znakowania | Odrywana metka | Otw\u00f3r na kciuk w mankiecie [&hellip;]<\/p>\n","protected":false},"featured_media":1148924,"template":"","meta":[],"product_cat":[100445,99839],"product_tag":[],"_links":{"self":[{"href":"https:\/\/universeproduction.com\/pl\/wp-json\/wp\/v2\/product\/1189349"}],"collection":[{"href":"https:\/\/universeproduction.com\/pl\/wp-json\/wp\/v2\/product"}],"about":[{"href":"https:\/\/universeproduction.com\/pl\/wp-json\/wp\/v2\/types\/product"}],"wp:featuredmedia":[{"embeddable":true,"href":"https:\/\/universeproduction.com\/pl\/wp-json\/wp\/v2\/media\/1148924"}],"wp:attachment":[{"href":"https:\/\/universeproduction.com\/pl\/wp-json\/wp\/v2\/media?parent=1189349"}],"wp:term":[{"taxonomy":"product_cat","embeddable":true,"href":"https:\/\/universeproduction.com\/pl\/wp-json\/wp\/v2\/product_cat?post=1189349"},{"taxonomy":"product_tag","embeddable":true,"href":"https:\/\/universeproduction.com\/pl\/wp-json\/wp\/v2\/product_tag?post=1189349"}],"curies":[{"name":"wp","href":"https:\/\/api.w.org\/{rel}","templated":true}]}}