{"id":1186913,"date":"2022-10-11T08:55:57","date_gmt":"2022-10-11T08:55:57","guid":{"rendered":"https:\/\/universeproduction.eu\/product\/heavy-blend-hooded-sweatshirt\/"},"modified":"2022-10-11T08:55:57","modified_gmt":"2022-10-11T08:55:57","slug":"heavy-blend-hooded-sweatshirt","status":"publish","type":"product","link":"https:\/\/universeproduction.com\/pl\/produkt\/heavy-blend-hooded-sweatshirt\/","title":{"rendered":"Heavy Blend&#x2122; Hooded Sweatshirt"},"content":{"rendered":"<p>Prz\u0119dza czesana zapewnia mi\u0119kko\u015b\u0107 i zmniejsza mechacenie | Dwuwarstwowy kaptur z troczkami w kolorze bluzy | Podw\u00f3jne szwy na ramionach, wykroju pach, przy dekolcie, \u015bci\u0105gaczu dolnym i mankietach | Kiesze\u0144 kangurkowa z podw\u00f3jnym szwem zapewnia dodatkowe wzmocnienie | \u015aci\u0105gacze r\u0119kaw\u00f3w i do\u0142u bluzy z dzianiny pr\u0105\u017ckowanej 1&#215;1 z domieszk\u0105 elastanu dla zapewnienia lepszych w\u0142a\u015bciwo\u015bci w zakresie rozci\u0105gania i odzysku | Klasyczny kr\u00f3j, bez szw\u00f3w bocznych | Odrywana metka w kolorze szarym z po\u0142yskiem | Przej\u015bcie do nowej, w\u0105skiej, d\u0142ugiej metki w kolorze szarym<\/p>\n","protected":false},"excerpt":{"rendered":"<p>Prz\u0119dza czesana zapewnia mi\u0119kko\u015b\u0107 i zmniejsza mechacenie | Dwuwarstwowy kaptur z troczkami w kolorze bluzy | Podw\u00f3jne szwy na ramionach, wykroju pach, przy dekolcie, \u015bci\u0105gaczu dolnym i mankietach | Kiesze\u0144 kangurkowa z podw\u00f3jnym szwem zapewnia dodatkowe wzmocnienie | \u015aci\u0105gacze r\u0119kaw\u00f3w i do\u0142u bluzy z dzianiny pr\u0105\u017ckowanej 1&#215;1 z domieszk\u0105 elastanu dla zapewnienia lepszych w\u0142a\u015bciwo\u015bci w [&hellip;]<\/p>\n","protected":false},"featured_media":1224902,"template":"","meta":[],"product_cat":[100445,99839],"product_tag":[],"_links":{"self":[{"href":"https:\/\/universeproduction.com\/pl\/wp-json\/wp\/v2\/product\/1186913"}],"collection":[{"href":"https:\/\/universeproduction.com\/pl\/wp-json\/wp\/v2\/product"}],"about":[{"href":"https:\/\/universeproduction.com\/pl\/wp-json\/wp\/v2\/types\/product"}],"wp:featuredmedia":[{"embeddable":true,"href":"https:\/\/universeproduction.com\/pl\/wp-json\/wp\/v2\/media\/1224902"}],"wp:attachment":[{"href":"https:\/\/universeproduction.com\/pl\/wp-json\/wp\/v2\/media?parent=1186913"}],"wp:term":[{"taxonomy":"product_cat","embeddable":true,"href":"https:\/\/universeproduction.com\/pl\/wp-json\/wp\/v2\/product_cat?post=1186913"},{"taxonomy":"product_tag","embeddable":true,"href":"https:\/\/universeproduction.com\/pl\/wp-json\/wp\/v2\/product_tag?post=1186913"}],"curies":[{"name":"wp","href":"https:\/\/api.w.org\/{rel}","templated":true}]}}