{"id":1186497,"date":"2022-10-10T09:52:50","date_gmt":"2022-10-10T09:52:50","guid":{"rendered":"https:\/\/universeproduction.eu\/product\/mens-authentic-zipped-hood-jacket\/"},"modified":"2022-10-10T09:52:50","modified_gmt":"2022-10-10T09:52:50","slug":"mens-authentic-zipped-hood-jacket","status":"publish","type":"product","link":"https:\/\/universeproduction.com\/pl\/produkt\/mens-authentic-zipped-hood-jacket\/","title":{"rendered":"Men\u00b4s Authentic Zipped Hood Jacket"},"content":{"rendered":"<p>Bawe\u0142na czesana typu ring-spun | Tkanina 3-warstwowa | Prosty, nowoczesny kr\u00f3j | Mosi\u0119\u017cny zamek YKK | Du\u017ca powierzchnia do zdobienia | P\u0142askie, szerokie troczki | Dwuwarstwowy kaptur z p\u0142askimi szerokimi troczkami | W\u0105skie r\u0119kawy | Kryty szew na ramionach, mankietach i u do\u0142u | Ta\u015bma wzmacniaj\u0105ca o wzorze jode\u0142ki na karku | Wyj\u015bcie s\u0142uchawkowe | Tkanina 3-warstwowa | Szerokie \u015bci\u0105gacze r\u0119kaw\u00f3w i do\u0142u bluzy<\/p>\n","protected":false},"excerpt":{"rendered":"<p>Bawe\u0142na czesana typu ring-spun | Tkanina 3-warstwowa | Prosty, nowoczesny kr\u00f3j | Mosi\u0119\u017cny zamek YKK | Du\u017ca powierzchnia do zdobienia | P\u0142askie, szerokie troczki | Dwuwarstwowy kaptur z p\u0142askimi szerokimi troczkami | W\u0105skie r\u0119kawy | Kryty szew na ramionach, mankietach i u do\u0142u | Ta\u015bma wzmacniaj\u0105ca o wzorze jode\u0142ki na karku | Wyj\u015bcie s\u0142uchawkowe | [&hellip;]<\/p>\n","protected":false},"featured_media":1145889,"template":"","meta":[],"product_cat":[100445,99839],"product_tag":[],"_links":{"self":[{"href":"https:\/\/universeproduction.com\/pl\/wp-json\/wp\/v2\/product\/1186497"}],"collection":[{"href":"https:\/\/universeproduction.com\/pl\/wp-json\/wp\/v2\/product"}],"about":[{"href":"https:\/\/universeproduction.com\/pl\/wp-json\/wp\/v2\/types\/product"}],"wp:featuredmedia":[{"embeddable":true,"href":"https:\/\/universeproduction.com\/pl\/wp-json\/wp\/v2\/media\/1145889"}],"wp:attachment":[{"href":"https:\/\/universeproduction.com\/pl\/wp-json\/wp\/v2\/media?parent=1186497"}],"wp:term":[{"taxonomy":"product_cat","embeddable":true,"href":"https:\/\/universeproduction.com\/pl\/wp-json\/wp\/v2\/product_cat?post=1186497"},{"taxonomy":"product_tag","embeddable":true,"href":"https:\/\/universeproduction.com\/pl\/wp-json\/wp\/v2\/product_tag?post=1186497"}],"curies":[{"name":"wp","href":"https:\/\/api.w.org\/{rel}","templated":true}]}}