{"id":1186357,"date":"2022-10-10T09:51:33","date_gmt":"2022-10-10T09:51:33","guid":{"rendered":"https:\/\/universeproduction.eu\/product\/mens-zip-hoodie-spike\/"},"modified":"2022-10-10T09:51:33","modified_gmt":"2022-10-10T09:51:33","slug":"mens-zip-hoodie-spike","status":"publish","type":"product","link":"https:\/\/universeproduction.com\/pl\/produkt\/mens-zip-hoodie-spike\/","title":{"rendered":"Men\u00b4s Zip Hoodie Spike"},"content":{"rendered":"<p>LSF (tkanina o niskiej kurczliwo\u015bci) 280 | 80% bawe\u0142ny ringspun , 20% poliester, szczotkowana podszewka; Na zewn\u0105trz: 100% bawe\u0142na | R\u0119kawy wszywane | 2 kangurkowe kieszenie | Szwy boczne | Kaptur z podszewk\u0105 i troczkiem w tym samym kolorze | Splot 2&#215;2 rib na mankietach i u do\u0142u bluzy | P\u00f3\u0142ksi\u0119\u017cycowy karczek | Ta\u015bma wzmacniaj\u0105ca na karku | Zamek b\u0142yskawiczny YKK<\/p>\n","protected":false},"excerpt":{"rendered":"<p>LSF (tkanina o niskiej kurczliwo\u015bci) 280 | 80% bawe\u0142ny ringspun , 20% poliester, szczotkowana podszewka; Na zewn\u0105trz: 100% bawe\u0142na | R\u0119kawy wszywane | 2 kangurkowe kieszenie | Szwy boczne | Kaptur z podszewk\u0105 i troczkiem w tym samym kolorze | Splot 2&#215;2 rib na mankietach i u do\u0142u bluzy | P\u00f3\u0142ksi\u0119\u017cycowy karczek | Ta\u015bma wzmacniaj\u0105ca [&hellip;]<\/p>\n","protected":false},"featured_media":1224952,"template":"","meta":[],"product_cat":[100445,99839],"product_tag":[],"_links":{"self":[{"href":"https:\/\/universeproduction.com\/pl\/wp-json\/wp\/v2\/product\/1186357"}],"collection":[{"href":"https:\/\/universeproduction.com\/pl\/wp-json\/wp\/v2\/product"}],"about":[{"href":"https:\/\/universeproduction.com\/pl\/wp-json\/wp\/v2\/types\/product"}],"wp:featuredmedia":[{"embeddable":true,"href":"https:\/\/universeproduction.com\/pl\/wp-json\/wp\/v2\/media\/1224952"}],"wp:attachment":[{"href":"https:\/\/universeproduction.com\/pl\/wp-json\/wp\/v2\/media?parent=1186357"}],"wp:term":[{"taxonomy":"product_cat","embeddable":true,"href":"https:\/\/universeproduction.com\/pl\/wp-json\/wp\/v2\/product_cat?post=1186357"},{"taxonomy":"product_tag","embeddable":true,"href":"https:\/\/universeproduction.com\/pl\/wp-json\/wp\/v2\/product_tag?post=1186357"}],"curies":[{"name":"wp","href":"https:\/\/api.w.org\/{rel}","templated":true}]}}