{"id":1185853,"date":"2022-10-10T09:45:20","date_gmt":"2022-10-10T09:45:20","guid":{"rendered":"https:\/\/universeproduction.eu\/product\/king-zipped-hood-jacket_\/"},"modified":"2022-10-10T09:45:20","modified_gmt":"2022-10-10T09:45:20","slug":"king-zipped-hood-jacket_","status":"publish","type":"product","link":"https:\/\/universeproduction.com\/pl\/produkt\/king-zipped-hood-jacket_\/","title":{"rendered":"KING Zipped Hood Jacket_\u00b0"},"content":{"rendered":"<p>Unisex | Wewn\u0105trz czesany polar | D\u0142ugie r\u0119kawy | Prosty fason | Wst\u0119pnie prana, czesana bawe\u0142na ring-spun | Szwy boczne | Podszewka single jersey w kapturze | P\u0142askie troczki z metalowymi ko\u0144c\u00f3wkami | Wytrzyma\u0142a ta\u015bma wzmacniaj\u0105ca na karku | Kryty, metalowy zamek | P\u00f3\u0142ksi\u0119\u017cycowy karczek single jersey | 100% Mi\u0119kka bawe\u0142na z wyko\u0144czeniem peached feel (technologia B&#038;C PST) | G\u0142adka, mi\u0119kka powierzchnia | Mi\u0119kka, satynowa metka<\/p>\n","protected":false},"excerpt":{"rendered":"<p>Unisex | Wewn\u0105trz czesany polar | D\u0142ugie r\u0119kawy | Prosty fason | Wst\u0119pnie prana, czesana bawe\u0142na ring-spun | Szwy boczne | Podszewka single jersey w kapturze | P\u0142askie troczki z metalowymi ko\u0144c\u00f3wkami | Wytrzyma\u0142a ta\u015bma wzmacniaj\u0105ca na karku | Kryty, metalowy zamek | P\u00f3\u0142ksi\u0119\u017cycowy karczek single jersey | 100% Mi\u0119kka bawe\u0142na z wyko\u0144czeniem peached feel [&hellip;]<\/p>\n","protected":false},"featured_media":1224958,"template":"","meta":[],"product_cat":[100445,99839],"product_tag":[],"_links":{"self":[{"href":"https:\/\/universeproduction.com\/pl\/wp-json\/wp\/v2\/product\/1185853"}],"collection":[{"href":"https:\/\/universeproduction.com\/pl\/wp-json\/wp\/v2\/product"}],"about":[{"href":"https:\/\/universeproduction.com\/pl\/wp-json\/wp\/v2\/types\/product"}],"wp:featuredmedia":[{"embeddable":true,"href":"https:\/\/universeproduction.com\/pl\/wp-json\/wp\/v2\/media\/1224958"}],"wp:attachment":[{"href":"https:\/\/universeproduction.com\/pl\/wp-json\/wp\/v2\/media?parent=1185853"}],"wp:term":[{"taxonomy":"product_cat","embeddable":true,"href":"https:\/\/universeproduction.com\/pl\/wp-json\/wp\/v2\/product_cat?post=1185853"},{"taxonomy":"product_tag","embeddable":true,"href":"https:\/\/universeproduction.com\/pl\/wp-json\/wp\/v2\/product_tag?post=1185853"}],"curies":[{"name":"wp","href":"https:\/\/api.w.org\/{rel}","templated":true}]}}