{"id":1185066,"date":"2022-10-10T08:42:35","date_gmt":"2022-10-10T08:42:35","guid":{"rendered":"https:\/\/universeproduction.eu\/product\/unisex-sweatshirt-new-supreme\/"},"modified":"2022-10-10T08:42:35","modified_gmt":"2022-10-10T08:42:35","slug":"unisex-sweatshirt-new-supreme","status":"publish","type":"product","link":"https:\/\/universeproduction.com\/pl\/produkt\/unisex-sweatshirt-new-supreme\/","title":{"rendered":"Unisex Sweatshirt New Supreme"},"content":{"rendered":"<p>Bawe\u0142na ring spun | Podw\u00f3jne szwy przy dekolcie, ramieniu i przy \u015bci\u0105gaczu u do\u0142u | Wewn\u0105trz materia\u0142 czesany | Szwy boczne<\/p>\n","protected":false},"excerpt":{"rendered":"<p>Bawe\u0142na ring spun | Podw\u00f3jne szwy przy dekolcie, ramieniu i przy \u015bci\u0105gaczu u do\u0142u | Wewn\u0105trz materia\u0142 czesany | Szwy boczne<\/p>\n","protected":false},"featured_media":1145534,"template":"","meta":[],"product_cat":[100447,99839],"product_tag":[],"_links":{"self":[{"href":"https:\/\/universeproduction.com\/pl\/wp-json\/wp\/v2\/product\/1185066"}],"collection":[{"href":"https:\/\/universeproduction.com\/pl\/wp-json\/wp\/v2\/product"}],"about":[{"href":"https:\/\/universeproduction.com\/pl\/wp-json\/wp\/v2\/types\/product"}],"wp:featuredmedia":[{"embeddable":true,"href":"https:\/\/universeproduction.com\/pl\/wp-json\/wp\/v2\/media\/1145534"}],"wp:attachment":[{"href":"https:\/\/universeproduction.com\/pl\/wp-json\/wp\/v2\/media?parent=1185066"}],"wp:term":[{"taxonomy":"product_cat","embeddable":true,"href":"https:\/\/universeproduction.com\/pl\/wp-json\/wp\/v2\/product_cat?post=1185066"},{"taxonomy":"product_tag","embeddable":true,"href":"https:\/\/universeproduction.com\/pl\/wp-json\/wp\/v2\/product_tag?post=1185066"}],"curies":[{"name":"wp","href":"https:\/\/api.w.org\/{rel}","templated":true}]}}