{"id":1184808,"date":"2022-10-10T08:32:59","date_gmt":"2022-10-10T08:32:59","guid":{"rendered":"https:\/\/universeproduction.eu\/product\/the-authentic-sweat\/"},"modified":"2022-10-10T08:32:59","modified_gmt":"2022-10-10T08:32:59","slug":"the-authentic-sweat","status":"publish","type":"product","link":"https:\/\/universeproduction.com\/pl\/produkt\/the-authentic-sweat\/","title":{"rendered":"The Authentic Sweat"},"content":{"rendered":"<p>Bawe\u0142na czesana typu ring-spun | Tkanina 3-warstwowa | R\u0119kawy wszywane | Prosty, nowoczesny kr\u00f3j | Szerokie \u015bci\u0105gacze r\u0119kaw\u00f3w i do\u0142u bluzy | W\u0119\u017csze barki i ramiona | Kryty szew na ramionach, mankietach i u do\u0142u | Ta\u015bma wzmacniaj\u0105ca o wzorze jode\u0142ki na karku | Szwy boczne | 3-warstwowy materia\u0142<\/p>\n","protected":false},"excerpt":{"rendered":"<p>Bawe\u0142na czesana typu ring-spun | Tkanina 3-warstwowa | R\u0119kawy wszywane | Prosty, nowoczesny kr\u00f3j | Szerokie \u015bci\u0105gacze r\u0119kaw\u00f3w i do\u0142u bluzy | W\u0119\u017csze barki i ramiona | Kryty szew na ramionach, mankietach i u do\u0142u | Ta\u015bma wzmacniaj\u0105ca o wzorze jode\u0142ki na karku | Szwy boczne | 3-warstwowy materia\u0142<\/p>\n","protected":false},"featured_media":1145477,"template":"","meta":[],"product_cat":[100447,99839],"product_tag":[],"_links":{"self":[{"href":"https:\/\/universeproduction.com\/pl\/wp-json\/wp\/v2\/product\/1184808"}],"collection":[{"href":"https:\/\/universeproduction.com\/pl\/wp-json\/wp\/v2\/product"}],"about":[{"href":"https:\/\/universeproduction.com\/pl\/wp-json\/wp\/v2\/types\/product"}],"wp:featuredmedia":[{"embeddable":true,"href":"https:\/\/universeproduction.com\/pl\/wp-json\/wp\/v2\/media\/1145477"}],"wp:attachment":[{"href":"https:\/\/universeproduction.com\/pl\/wp-json\/wp\/v2\/media?parent=1184808"}],"wp:term":[{"taxonomy":"product_cat","embeddable":true,"href":"https:\/\/universeproduction.com\/pl\/wp-json\/wp\/v2\/product_cat?post=1184808"},{"taxonomy":"product_tag","embeddable":true,"href":"https:\/\/universeproduction.com\/pl\/wp-json\/wp\/v2\/product_tag?post=1184808"}],"curies":[{"name":"wp","href":"https:\/\/api.w.org\/{rel}","templated":true}]}}