{"id":1182136,"date":"2022-10-10T06:30:59","date_gmt":"2022-10-10T06:30:59","guid":{"rendered":"https:\/\/universeproduction.eu\/product\/set-in-sweat\/"},"modified":"2022-12-30T11:51:18","modified_gmt":"2022-12-30T11:51:18","slug":"set-in-sweat","status":"publish","type":"product","link":"https:\/\/universeproduction.com\/pl\/produkt\/set-in-sweat\/","title":{"rendered":"#Set In Sweat"},"content":{"rendered":"<p>Unisex | Tkanina French Terry | D\u0142ugie r\u0119kawy | Okr\u0105g\u0142y dekolt | Prosty fason | Wst\u0119pnie prana bawe\u0142na ring spun | Szwy boczne | Brak metki | P\u00f3\u0142ksi\u0119\u017cycowy karczek single jersey | Nieczesana tkanina | Wytrzyma\u0142a tkanina | Mi\u0119kki w dotyku | G\u0142adka powierzchnia | Mi\u0119kka, satynowa metka w szwie bocznym<\/p>\n","protected":false},"excerpt":{"rendered":"<p>Unisex | Tkanina French Terry | D\u0142ugie r\u0119kawy | Okr\u0105g\u0142y dekolt | Prosty fason | Wst\u0119pnie prana bawe\u0142na ring spun | Szwy boczne | Brak metki | P\u00f3\u0142ksi\u0119\u017cycowy karczek single jersey | Nieczesana tkanina | Wytrzyma\u0142a tkanina | Mi\u0119kki w dotyku | G\u0142adka powierzchnia | Mi\u0119kka, satynowa metka w szwie bocznym<\/p>\n","protected":false},"featured_media":1225032,"template":"","meta":[],"product_cat":[100447,99839],"product_tag":[],"_links":{"self":[{"href":"https:\/\/universeproduction.com\/pl\/wp-json\/wp\/v2\/product\/1182136"}],"collection":[{"href":"https:\/\/universeproduction.com\/pl\/wp-json\/wp\/v2\/product"}],"about":[{"href":"https:\/\/universeproduction.com\/pl\/wp-json\/wp\/v2\/types\/product"}],"wp:featuredmedia":[{"embeddable":true,"href":"https:\/\/universeproduction.com\/pl\/wp-json\/wp\/v2\/media\/1225032"}],"wp:attachment":[{"href":"https:\/\/universeproduction.com\/pl\/wp-json\/wp\/v2\/media?parent=1182136"}],"wp:term":[{"taxonomy":"product_cat","embeddable":true,"href":"https:\/\/universeproduction.com\/pl\/wp-json\/wp\/v2\/product_cat?post=1182136"},{"taxonomy":"product_tag","embeddable":true,"href":"https:\/\/universeproduction.com\/pl\/wp-json\/wp\/v2\/product_tag?post=1182136"}],"curies":[{"name":"wp","href":"https:\/\/api.w.org\/{rel}","templated":true}]}}