{"id":1180997,"date":"2022-10-07T11:26:17","date_gmt":"2022-10-07T11:26:17","guid":{"rendered":"https:\/\/universeproduction.eu\/product\/mens-polo-shirt-pasadena\/"},"modified":"2022-10-07T11:26:17","modified_gmt":"2022-10-07T11:26:17","slug":"mens-polo-shirt-pasadena","status":"publish","type":"product","link":"https:\/\/universeproduction.com\/pl\/produkt\/mens-polo-shirt-pasadena\/","title":{"rendered":"Men\u00b4s Polo Shirt Pasadena"},"content":{"rendered":"<p>100% bawe\u0142na ring-spun | Ko\u0142nierz i \u015bci\u0105gacze r\u0119kaw\u00f3w wyko\u0144czone dzianin\u0105 pr\u0105\u017ckowan\u0105 rib | Ta\u015bma wzmacniaj\u0105ca na karku | Kr\u00f3tkie r\u0119kawy | Paski w kontrastowym kolorze na ko\u0142nierzu i \u015bci\u0105gaczach r\u0119kaw\u00f3w | Listwa z 3 guzikami w kolorze koszulki | Dopasowany fason | Szwy boczne | Rozci\u0119cia boczne | Zapasowe guziki na wewn\u0119trznym szwie<\/p>\n","protected":false},"excerpt":{"rendered":"<p>100% bawe\u0142na ring-spun | Ko\u0142nierz i \u015bci\u0105gacze r\u0119kaw\u00f3w wyko\u0144czone dzianin\u0105 pr\u0105\u017ckowan\u0105 rib | Ta\u015bma wzmacniaj\u0105ca na karku | Kr\u00f3tkie r\u0119kawy | Paski w kontrastowym kolorze na ko\u0142nierzu i \u015bci\u0105gaczach r\u0119kaw\u00f3w | Listwa z 3 guzikami w kolorze koszulki | Dopasowany fason | Szwy boczne | Rozci\u0119cia boczne | Zapasowe guziki na wewn\u0119trznym szwie<\/p>\n","protected":false},"featured_media":1225064,"template":"","meta":[],"product_cat":[100442,99839,100441],"product_tag":[],"_links":{"self":[{"href":"https:\/\/universeproduction.com\/pl\/wp-json\/wp\/v2\/product\/1180997"}],"collection":[{"href":"https:\/\/universeproduction.com\/pl\/wp-json\/wp\/v2\/product"}],"about":[{"href":"https:\/\/universeproduction.com\/pl\/wp-json\/wp\/v2\/types\/product"}],"wp:featuredmedia":[{"embeddable":true,"href":"https:\/\/universeproduction.com\/pl\/wp-json\/wp\/v2\/media\/1225064"}],"wp:attachment":[{"href":"https:\/\/universeproduction.com\/pl\/wp-json\/wp\/v2\/media?parent=1180997"}],"wp:term":[{"taxonomy":"product_cat","embeddable":true,"href":"https:\/\/universeproduction.com\/pl\/wp-json\/wp\/v2\/product_cat?post=1180997"},{"taxonomy":"product_tag","embeddable":true,"href":"https:\/\/universeproduction.com\/pl\/wp-json\/wp\/v2\/product_tag?post=1180997"}],"curies":[{"name":"wp","href":"https:\/\/api.w.org\/{rel}","templated":true}]}}