{"id":1179904,"date":"2022-10-07T11:10:56","date_gmt":"2022-10-07T11:10:56","guid":{"rendered":"https:\/\/universeproduction.eu\/product\/mens-planet-polo-shirt\/"},"modified":"2022-10-07T11:10:56","modified_gmt":"2022-10-07T11:10:56","slug":"mens-planet-polo-shirt","status":"publish","type":"product","link":"https:\/\/universeproduction.com\/pl\/produkt\/mens-planet-polo-shirt\/","title":{"rendered":"Men\u00b4s Planet Polo Shirt"},"content":{"rendered":"<p>Pique 170 | 100% bawe\u0142na organiczna | Koszulka polo z tkaniny organicznej pique | Prosty fason | Szwy boczne | Listwa z 2 guzikami | Ko\u0142nierz i d\u00f3\u0142 r\u0119kaw\u00f3w rib 1&#215;1 | Brak metki<\/p>\n","protected":false},"excerpt":{"rendered":"<p>Pique 170 | 100% bawe\u0142na organiczna | Koszulka polo z tkaniny organicznej pique | Prosty fason | Szwy boczne | Listwa z 2 guzikami | Ko\u0142nierz i d\u00f3\u0142 r\u0119kaw\u00f3w rib 1&#215;1 | Brak metki<\/p>\n","protected":false},"featured_media":1225070,"template":"","meta":[],"product_cat":[100443,99839,100441],"product_tag":[],"_links":{"self":[{"href":"https:\/\/universeproduction.com\/pl\/wp-json\/wp\/v2\/product\/1179904"}],"collection":[{"href":"https:\/\/universeproduction.com\/pl\/wp-json\/wp\/v2\/product"}],"about":[{"href":"https:\/\/universeproduction.com\/pl\/wp-json\/wp\/v2\/types\/product"}],"wp:featuredmedia":[{"embeddable":true,"href":"https:\/\/universeproduction.com\/pl\/wp-json\/wp\/v2\/media\/1225070"}],"wp:attachment":[{"href":"https:\/\/universeproduction.com\/pl\/wp-json\/wp\/v2\/media?parent=1179904"}],"wp:term":[{"taxonomy":"product_cat","embeddable":true,"href":"https:\/\/universeproduction.com\/pl\/wp-json\/wp\/v2\/product_cat?post=1179904"},{"taxonomy":"product_tag","embeddable":true,"href":"https:\/\/universeproduction.com\/pl\/wp-json\/wp\/v2\/product_tag?post=1179904"}],"curies":[{"name":"wp","href":"https:\/\/api.w.org\/{rel}","templated":true}]}}