{"id":1179390,"date":"2022-10-07T11:06:26","date_gmt":"2022-10-07T11:06:26","guid":{"rendered":"https:\/\/universeproduction.eu\/product\/unisex-polo-safran\/"},"modified":"2022-10-07T11:06:26","modified_gmt":"2022-10-07T11:06:26","slug":"unisex-polo-safran","status":"publish","type":"product","link":"https:\/\/universeproduction.com\/pl\/produkt\/unisex-polo-safran\/","title":{"rendered":"Unisex Polo Safran"},"content":{"rendered":"<p>100% czesana, wst\u0119pnie dekatyzowana bawe\u0142na ring spun | Ko\u0142nierz i mankiety r\u0119kaw\u00f3w wyko\u0144czone dzianin\u0105 pr\u0105\u017ckowan\u0105 1&#215;1 | Listwa z 3 guzikami, wzmocniona flizelin\u0105 | 2 guziki dopasowane kolorystycznie | Ta\u015bma wzmacniaj\u0105ca na karku | Szwy boczne | B&#038;C Collection jest cz\u0142onkiem Fair Wear Foundation<\/p>\n","protected":false},"excerpt":{"rendered":"<p>100% czesana, wst\u0119pnie dekatyzowana bawe\u0142na ring spun | Ko\u0142nierz i mankiety r\u0119kaw\u00f3w wyko\u0144czone dzianin\u0105 pr\u0105\u017ckowan\u0105 1&#215;1 | Listwa z 3 guzikami, wzmocniona flizelin\u0105 | 2 guziki dopasowane kolorystycznie | Ta\u015bma wzmacniaj\u0105ca na karku | Szwy boczne | B&#038;C Collection jest cz\u0142onkiem Fair Wear Foundation<\/p>\n","protected":false},"featured_media":1225073,"template":"","meta":[],"product_cat":[100443,99839,100441],"product_tag":[],"_links":{"self":[{"href":"https:\/\/universeproduction.com\/pl\/wp-json\/wp\/v2\/product\/1179390"}],"collection":[{"href":"https:\/\/universeproduction.com\/pl\/wp-json\/wp\/v2\/product"}],"about":[{"href":"https:\/\/universeproduction.com\/pl\/wp-json\/wp\/v2\/types\/product"}],"wp:featuredmedia":[{"embeddable":true,"href":"https:\/\/universeproduction.com\/pl\/wp-json\/wp\/v2\/media\/1225073"}],"wp:attachment":[{"href":"https:\/\/universeproduction.com\/pl\/wp-json\/wp\/v2\/media?parent=1179390"}],"wp:term":[{"taxonomy":"product_cat","embeddable":true,"href":"https:\/\/universeproduction.com\/pl\/wp-json\/wp\/v2\/product_cat?post=1179390"},{"taxonomy":"product_tag","embeddable":true,"href":"https:\/\/universeproduction.com\/pl\/wp-json\/wp\/v2\/product_tag?post=1179390"}],"curies":[{"name":"wp","href":"https:\/\/api.w.org\/{rel}","templated":true}]}}