{"id":1178307,"date":"2022-10-07T04:44:13","date_gmt":"2022-10-07T04:44:13","guid":{"rendered":"https:\/\/universeproduction.eu\/product\/shawn-henley-long-sleeve\/"},"modified":"2022-10-07T04:44:13","modified_gmt":"2022-10-07T04:44:13","slug":"shawn-henley-long-sleeve","status":"publish","type":"product","link":"https:\/\/universeproduction.com\/pl\/produkt\/shawn-henley-long-sleeve\/","title":{"rendered":"Shawn Henley Long Sleeve"},"content":{"rendered":"<p>Mi\u0119kka bawe\u0142na wykonana z prz\u0119dzy typu slub o teksturowanym wygl\u0105dzie | Listwa z 3 metalowymi bezniklowymi, guzikami | Szeroka listwa guzikowa | \u015acieg zygzakowy na szwach | Ta\u015bma wzmacniaj\u0105ca na karku | Pr\u0105\u017ckowany ko\u0142nierzyk | Przesuni\u0119te szwy na ramionach | Ma\u0142a metka rozmiarowa na karku | Metka dot. piel\u0119gnacji w szwie bocznym | Szwy boczne | Mo\u017cliwo\u015b\u0107 prania w temperaturze 40\u00b0C.<\/p>\n","protected":false},"excerpt":{"rendered":"<p>Mi\u0119kka bawe\u0142na wykonana z prz\u0119dzy typu slub o teksturowanym wygl\u0105dzie | Listwa z 3 metalowymi bezniklowymi, guzikami | Szeroka listwa guzikowa | \u015acieg zygzakowy na szwach | Ta\u015bma wzmacniaj\u0105ca na karku | Pr\u0105\u017ckowany ko\u0142nierzyk | Przesuni\u0119te szwy na ramionach | Ma\u0142a metka rozmiarowa na karku | Metka dot. piel\u0119gnacji w szwie bocznym | Szwy boczne [&hellip;]<\/p>\n","protected":false},"featured_media":1142328,"template":"","meta":[],"product_cat":[100178,99839,99854],"product_tag":[],"_links":{"self":[{"href":"https:\/\/universeproduction.com\/pl\/wp-json\/wp\/v2\/product\/1178307"}],"collection":[{"href":"https:\/\/universeproduction.com\/pl\/wp-json\/wp\/v2\/product"}],"about":[{"href":"https:\/\/universeproduction.com\/pl\/wp-json\/wp\/v2\/types\/product"}],"wp:featuredmedia":[{"embeddable":true,"href":"https:\/\/universeproduction.com\/pl\/wp-json\/wp\/v2\/media\/1142328"}],"wp:attachment":[{"href":"https:\/\/universeproduction.com\/pl\/wp-json\/wp\/v2\/media?parent=1178307"}],"wp:term":[{"taxonomy":"product_cat","embeddable":true,"href":"https:\/\/universeproduction.com\/pl\/wp-json\/wp\/v2\/product_cat?post=1178307"},{"taxonomy":"product_tag","embeddable":true,"href":"https:\/\/universeproduction.com\/pl\/wp-json\/wp\/v2\/product_tag?post=1178307"}],"curies":[{"name":"wp","href":"https:\/\/api.w.org\/{rel}","templated":true}]}}