{"id":1177830,"date":"2022-10-07T04:39:39","date_gmt":"2022-10-07T04:39:39","guid":{"rendered":"https:\/\/universeproduction.eu\/product\/ultra-cotton-long-sleeve-t-shirt\/"},"modified":"2022-10-07T04:39:39","modified_gmt":"2022-10-07T04:39:39","slug":"ultra-cotton-long-sleeve-t-shirt","status":"publish","type":"product","link":"https:\/\/universeproduction.com\/pl\/produkt\/ultra-cotton-long-sleeve-t-shirt\/","title":{"rendered":"Ultra Cotton&#x2122; Long Sleeve T-Shirt"},"content":{"rendered":"<p>Klasyczna ci\u0119\u017cka tkanina | Ko\u0142nierzyk wyko\u0144czony dzianin\u0105 pr\u0105\u017ckowan\u0105 (2,2 cm) | Ta\u015bma wzmacniaj\u0105ca wzd\u0142u\u017c ramion | Podw\u00f3jny szew u do\u0142u koszulki | Pr\u0105\u017ckowane \u015bci\u0105gacze | Klasyczny kr\u00f3j, bez szw\u00f3w bocznych | Odrywana metka w kolorze szarym z po\u0142yskiem | Przej\u015bcie do nowej, w\u0105skiej, d\u0142ugiej metki w kolorze szarym<\/p>\n","protected":false},"excerpt":{"rendered":"<p>Klasyczna ci\u0119\u017cka tkanina | Ko\u0142nierzyk wyko\u0144czony dzianin\u0105 pr\u0105\u017ckowan\u0105 (2,2 cm) | Ta\u015bma wzmacniaj\u0105ca wzd\u0142u\u017c ramion | Podw\u00f3jny szew u do\u0142u koszulki | Pr\u0105\u017ckowane \u015bci\u0105gacze | Klasyczny kr\u00f3j, bez szw\u00f3w bocznych | Odrywana metka w kolorze szarym z po\u0142yskiem | Przej\u015bcie do nowej, w\u0105skiej, d\u0142ugiej metki w kolorze szarym<\/p>\n","protected":false},"featured_media":1225082,"template":"","meta":[],"product_cat":[100178,99839,99854],"product_tag":[],"_links":{"self":[{"href":"https:\/\/universeproduction.com\/pl\/wp-json\/wp\/v2\/product\/1177830"}],"collection":[{"href":"https:\/\/universeproduction.com\/pl\/wp-json\/wp\/v2\/product"}],"about":[{"href":"https:\/\/universeproduction.com\/pl\/wp-json\/wp\/v2\/types\/product"}],"wp:featuredmedia":[{"embeddable":true,"href":"https:\/\/universeproduction.com\/pl\/wp-json\/wp\/v2\/media\/1225082"}],"wp:attachment":[{"href":"https:\/\/universeproduction.com\/pl\/wp-json\/wp\/v2\/media?parent=1177830"}],"wp:term":[{"taxonomy":"product_cat","embeddable":true,"href":"https:\/\/universeproduction.com\/pl\/wp-json\/wp\/v2\/product_cat?post=1177830"},{"taxonomy":"product_tag","embeddable":true,"href":"https:\/\/universeproduction.com\/pl\/wp-json\/wp\/v2\/product_tag?post=1177830"}],"curies":[{"name":"wp","href":"https:\/\/api.w.org\/{rel}","templated":true}]}}