{"id":1177480,"date":"2022-10-07T04:35:52","date_gmt":"2022-10-07T04:35:52","guid":{"rendered":"https:\/\/universeproduction.eu\/product\/t-shirt-monarch-long-sleeve\/"},"modified":"2022-10-07T04:35:52","modified_gmt":"2022-10-07T04:35:52","slug":"t-shirt-monarch-long-sleeve","status":"publish","type":"product","link":"https:\/\/universeproduction.com\/pl\/produkt\/t-shirt-monarch-long-sleeve\/","title":{"rendered":"T-Shirt Monarch Long Sleeve"},"content":{"rendered":"<p>P\u00f3\u0142 szczotkowana bawe\u0142na ring-spun | P\u00f3\u0142okr\u0105g\u0142y, pr\u0105\u017ckowany dekolt z dodatkiem elastanu | Ta\u015bma wzmacniaj\u0105ca na karku | R\u0119kawy bez \u015bci\u0105gaczy | Brak szw\u00f3w bocznych<\/p>\n","protected":false},"excerpt":{"rendered":"<p>P\u00f3\u0142 szczotkowana bawe\u0142na ring-spun | P\u00f3\u0142okr\u0105g\u0142y, pr\u0105\u017ckowany dekolt z dodatkiem elastanu | Ta\u015bma wzmacniaj\u0105ca na karku | R\u0119kawy bez \u015bci\u0105gaczy | Brak szw\u00f3w bocznych<\/p>\n","protected":false},"featured_media":1225088,"template":"","meta":[],"product_cat":[100178,99839,99854],"product_tag":[],"_links":{"self":[{"href":"https:\/\/universeproduction.com\/pl\/wp-json\/wp\/v2\/product\/1177480"}],"collection":[{"href":"https:\/\/universeproduction.com\/pl\/wp-json\/wp\/v2\/product"}],"about":[{"href":"https:\/\/universeproduction.com\/pl\/wp-json\/wp\/v2\/types\/product"}],"wp:featuredmedia":[{"embeddable":true,"href":"https:\/\/universeproduction.com\/pl\/wp-json\/wp\/v2\/media\/1225088"}],"wp:attachment":[{"href":"https:\/\/universeproduction.com\/pl\/wp-json\/wp\/v2\/media?parent=1177480"}],"wp:term":[{"taxonomy":"product_cat","embeddable":true,"href":"https:\/\/universeproduction.com\/pl\/wp-json\/wp\/v2\/product_cat?post=1177480"},{"taxonomy":"product_tag","embeddable":true,"href":"https:\/\/universeproduction.com\/pl\/wp-json\/wp\/v2\/product_tag?post=1177480"}],"curies":[{"name":"wp","href":"https:\/\/api.w.org\/{rel}","templated":true}]}}