{"id":1177406,"date":"2022-10-07T04:35:26","date_gmt":"2022-10-07T04:35:26","guid":{"rendered":"https:\/\/universeproduction.eu\/product\/iconic-150-classic-long-sleeve-t\/"},"modified":"2022-10-07T04:35:26","modified_gmt":"2022-10-07T04:35:26","slug":"iconic-150-classic-long-sleeve-t","status":"publish","type":"product","link":"https:\/\/universeproduction.com\/pl\/produkt\/iconic-150-classic-long-sleeve-t\/","title":{"rendered":"Iconic 150 Classic Long Sleeve T"},"content":{"rendered":"<p>Bawe\u0142na czesana typu ring-spun | Mi\u0119kki w dotyku materia\u0142 | Klasyczny fason | W\u0105ski, pr\u0105\u017ckowany dekolt 1&#215;1 | Ta\u015bma wzmacniaj\u0105ca na karku | Metka TearAway<\/p>\n","protected":false},"excerpt":{"rendered":"<p>Bawe\u0142na czesana typu ring-spun | Mi\u0119kki w dotyku materia\u0142 | Klasyczny fason | W\u0105ski, pr\u0105\u017ckowany dekolt 1&#215;1 | Ta\u015bma wzmacniaj\u0105ca na karku | Metka TearAway<\/p>\n","protected":false},"featured_media":1225091,"template":"","meta":[],"product_cat":[100178,99839,99854],"product_tag":[],"_links":{"self":[{"href":"https:\/\/universeproduction.com\/pl\/wp-json\/wp\/v2\/product\/1177406"}],"collection":[{"href":"https:\/\/universeproduction.com\/pl\/wp-json\/wp\/v2\/product"}],"about":[{"href":"https:\/\/universeproduction.com\/pl\/wp-json\/wp\/v2\/types\/product"}],"wp:featuredmedia":[{"embeddable":true,"href":"https:\/\/universeproduction.com\/pl\/wp-json\/wp\/v2\/media\/1225091"}],"wp:attachment":[{"href":"https:\/\/universeproduction.com\/pl\/wp-json\/wp\/v2\/media?parent=1177406"}],"wp:term":[{"taxonomy":"product_cat","embeddable":true,"href":"https:\/\/universeproduction.com\/pl\/wp-json\/wp\/v2\/product_cat?post=1177406"},{"taxonomy":"product_tag","embeddable":true,"href":"https:\/\/universeproduction.com\/pl\/wp-json\/wp\/v2\/product_tag?post=1177406"}],"curies":[{"name":"wp","href":"https:\/\/api.w.org\/{rel}","templated":true}]}}