{"id":1177168,"date":"2022-10-07T04:34:12","date_gmt":"2022-10-07T04:34:12","guid":{"rendered":"https:\/\/universeproduction.eu\/product\/valueweight-long-sleeve-t\/"},"modified":"2022-10-07T04:34:12","modified_gmt":"2022-10-07T04:34:12","slug":"valueweight-long-sleeve-t","status":"publish","type":"product","link":"https:\/\/universeproduction.com\/pl\/produkt\/valueweight-long-sleeve-t\/","title":{"rendered":"Valueweight Long Sleeve T"},"content":{"rendered":"<p>Bawe\u0142niane, pr\u0105\u017ckowane wyko\u0144czenie dekoltu z dodatkiem Lycra\u00ae | Ta\u015bma z tego samego materia\u0142u na karku | Tkanina o drobnym splocie<\/p>\n","protected":false},"excerpt":{"rendered":"<p>Bawe\u0142niane, pr\u0105\u017ckowane wyko\u0144czenie dekoltu z dodatkiem Lycra\u00ae | Ta\u015bma z tego samego materia\u0142u na karku | Tkanina o drobnym splocie<\/p>\n","protected":false},"featured_media":1158647,"template":"","meta":[],"product_cat":[100178,99839,99854],"product_tag":[],"_links":{"self":[{"href":"https:\/\/universeproduction.com\/pl\/wp-json\/wp\/v2\/product\/1177168"}],"collection":[{"href":"https:\/\/universeproduction.com\/pl\/wp-json\/wp\/v2\/product"}],"about":[{"href":"https:\/\/universeproduction.com\/pl\/wp-json\/wp\/v2\/types\/product"}],"wp:featuredmedia":[{"embeddable":true,"href":"https:\/\/universeproduction.com\/pl\/wp-json\/wp\/v2\/media\/1158647"}],"wp:attachment":[{"href":"https:\/\/universeproduction.com\/pl\/wp-json\/wp\/v2\/media?parent=1177168"}],"wp:term":[{"taxonomy":"product_cat","embeddable":true,"href":"https:\/\/universeproduction.com\/pl\/wp-json\/wp\/v2\/product_cat?post=1177168"},{"taxonomy":"product_tag","embeddable":true,"href":"https:\/\/universeproduction.com\/pl\/wp-json\/wp\/v2\/product_tag?post=1177168"}],"curies":[{"name":"wp","href":"https:\/\/api.w.org\/{rel}","templated":true}]}}