{"id":1176871,"date":"2022-10-07T04:33:47","date_gmt":"2022-10-07T04:33:47","guid":{"rendered":"https:\/\/universeproduction.eu\/product\/softstyle-long-sleeve-t-shirt\/"},"modified":"2022-10-07T04:33:47","modified_gmt":"2022-10-07T04:33:47","slug":"softstyle-long-sleeve-t-shirt","status":"publish","type":"product","link":"https:\/\/universeproduction.com\/pl\/produkt\/softstyle-long-sleeve-t-shirt\/","title":{"rendered":"Softstyle\u00ae Long Sleeve T-Shirt"},"content":{"rendered":"<p>Bawe\u0142na ring-spun | Mi\u0119kka tkanina typu ring-spun | G\u0142adka powierzchnia materia\u0142u poch\u0142aniaj\u0105cego wilgo\u0107 | Ko\u0142nierzyk wyko\u0144czony dzianin\u0105 pr\u0105\u017ckowan\u0105 (1,6 cm) | Ta\u015bma wzmacniaj\u0105ca wzd\u0142u\u017c ramion | Podw\u00f3jny szew na r\u0119kawach i u do\u0142u koszulki | Kr\u00f3j Eurofit, ze szwami bocznymi | Odrywana metka w kolorze szarym z po\u0142yskiem<\/p>\n","protected":false},"excerpt":{"rendered":"<p>Bawe\u0142na ring-spun | Mi\u0119kka tkanina typu ring-spun | G\u0142adka powierzchnia materia\u0142u poch\u0142aniaj\u0105cego wilgo\u0107 | Ko\u0142nierzyk wyko\u0144czony dzianin\u0105 pr\u0105\u017ckowan\u0105 (1,6 cm) | Ta\u015bma wzmacniaj\u0105ca wzd\u0142u\u017c ramion | Podw\u00f3jny szew na r\u0119kawach i u do\u0142u koszulki | Kr\u00f3j Eurofit, ze szwami bocznymi | Odrywana metka w kolorze szarym z po\u0142yskiem<\/p>\n","protected":false},"featured_media":1225094,"template":"","meta":[],"product_cat":[100178,99839,99854],"product_tag":[],"_links":{"self":[{"href":"https:\/\/universeproduction.com\/pl\/wp-json\/wp\/v2\/product\/1176871"}],"collection":[{"href":"https:\/\/universeproduction.com\/pl\/wp-json\/wp\/v2\/product"}],"about":[{"href":"https:\/\/universeproduction.com\/pl\/wp-json\/wp\/v2\/types\/product"}],"wp:featuredmedia":[{"embeddable":true,"href":"https:\/\/universeproduction.com\/pl\/wp-json\/wp\/v2\/media\/1225094"}],"wp:attachment":[{"href":"https:\/\/universeproduction.com\/pl\/wp-json\/wp\/v2\/media?parent=1176871"}],"wp:term":[{"taxonomy":"product_cat","embeddable":true,"href":"https:\/\/universeproduction.com\/pl\/wp-json\/wp\/v2\/product_cat?post=1176871"},{"taxonomy":"product_tag","embeddable":true,"href":"https:\/\/universeproduction.com\/pl\/wp-json\/wp\/v2\/product_tag?post=1176871"}],"curies":[{"name":"wp","href":"https:\/\/api.w.org\/{rel}","templated":true}]}}