{"id":1176392,"date":"2022-09-29T13:08:12","date_gmt":"2022-09-29T13:08:12","guid":{"rendered":"https:\/\/universeproduction.eu\/product\/mens-imperial-v-neck-t-shirt\/"},"modified":"2022-09-29T13:08:12","modified_gmt":"2022-09-29T13:08:12","slug":"mens-imperial-v-neck-t-shirt","status":"publish","type":"product","link":"https:\/\/universeproduction.com\/pl\/produkt\/mens-imperial-v-neck-t-shirt\/","title":{"rendered":"Men\u00b4s Imperial V-Neck T-Shirt"},"content":{"rendered":"<p>Jersey 190. 100% p\u00f3\u0142czesana bawe\u0142na ring spun | Ta\u015bma wzmacniaj\u0105ca na karku | Pr\u0105\u017ckowany ko\u0142nierzyk | Dekolt w szpic | Kr\u00f3tkie r\u0119kawy | Bez szw\u00f3w bocznych | Odrywana metka<\/p>\n","protected":false},"excerpt":{"rendered":"<p>Jersey 190. 100% p\u00f3\u0142czesana bawe\u0142na ring spun | Ta\u015bma wzmacniaj\u0105ca na karku | Pr\u0105\u017ckowany ko\u0142nierzyk | Dekolt w szpic | Kr\u00f3tkie r\u0119kawy | Bez szw\u00f3w bocznych | Odrywana metka<\/p>\n","protected":false},"featured_media":1225103,"template":"","meta":[],"product_cat":[99855,99839,99854],"product_tag":[],"_links":{"self":[{"href":"https:\/\/universeproduction.com\/pl\/wp-json\/wp\/v2\/product\/1176392"}],"collection":[{"href":"https:\/\/universeproduction.com\/pl\/wp-json\/wp\/v2\/product"}],"about":[{"href":"https:\/\/universeproduction.com\/pl\/wp-json\/wp\/v2\/types\/product"}],"wp:featuredmedia":[{"embeddable":true,"href":"https:\/\/universeproduction.com\/pl\/wp-json\/wp\/v2\/media\/1225103"}],"wp:attachment":[{"href":"https:\/\/universeproduction.com\/pl\/wp-json\/wp\/v2\/media?parent=1176392"}],"wp:term":[{"taxonomy":"product_cat","embeddable":true,"href":"https:\/\/universeproduction.com\/pl\/wp-json\/wp\/v2\/product_cat?post=1176392"},{"taxonomy":"product_tag","embeddable":true,"href":"https:\/\/universeproduction.com\/pl\/wp-json\/wp\/v2\/product_tag?post=1176392"}],"curies":[{"name":"wp","href":"https:\/\/api.w.org\/{rel}","templated":true}]}}