{"id":1175650,"date":"2022-09-30T04:53:17","date_gmt":"2022-09-30T04:53:17","guid":{"rendered":"https:\/\/universeproduction.eu\/product\/t-shirt-e150\/"},"modified":"2022-09-30T04:53:17","modified_gmt":"2022-09-30T04:53:17","slug":"t-shirt-e150","status":"publish","type":"product","link":"https:\/\/universeproduction.com\/pl\/produkt\/t-shirt-e150\/","title":{"rendered":"T-Shirt #E150"},"content":{"rendered":"<p>100% bawe\u0142na dekatyzowana ring-spun | Koszulka z kr\u00f3tkim r\u0119kawem z wysokiej jako\u015bci tkaniny (150 g) firmy B&amp;C | Swobodny fason | Bez szw\u00f3w bocznych | W\u0105skie, pr\u0105\u017ckowane wyko\u0144czenie dekoltu | Ta\u015bma wzmacniaj\u0105ca na karku | Satynowa metka | 100% bawe\u0142na ring-spun | Single jersey | Dekatyzowana | Wytrzyma\u0142a tkanina | Bardzo g\u0142adka powierzchnia | B&amp;C Collection jest cz\u0142onkiem Fair Wear Foundation<\/p>\n","protected":false},"excerpt":{"rendered":"<p>100% bawe\u0142na dekatyzowana ring-spun | Koszulka z kr\u00f3tkim r\u0119kawem z wysokiej jako\u015bci tkaniny (150 g) firmy B&amp;C | Swobodny fason | Bez szw\u00f3w bocznych | W\u0105skie, pr\u0105\u017ckowane wyko\u0144czenie dekoltu | Ta\u015bma wzmacniaj\u0105ca na karku | Satynowa metka | 100% bawe\u0142na ring-spun | Single jersey | Dekatyzowana | Wytrzyma\u0142a tkanina | Bardzo g\u0142adka powierzchnia | B&amp;C [&hellip;]<\/p>\n","protected":false},"featured_media":782156,"template":"","meta":[],"product_cat":[99855,99839,99854],"product_tag":[],"_links":{"self":[{"href":"https:\/\/universeproduction.com\/pl\/wp-json\/wp\/v2\/product\/1175650"}],"collection":[{"href":"https:\/\/universeproduction.com\/pl\/wp-json\/wp\/v2\/product"}],"about":[{"href":"https:\/\/universeproduction.com\/pl\/wp-json\/wp\/v2\/types\/product"}],"wp:featuredmedia":[{"embeddable":true,"href":"https:\/\/universeproduction.com\/pl\/wp-json\/wp\/v2\/media\/782156"}],"wp:attachment":[{"href":"https:\/\/universeproduction.com\/pl\/wp-json\/wp\/v2\/media?parent=1175650"}],"wp:term":[{"taxonomy":"product_cat","embeddable":true,"href":"https:\/\/universeproduction.com\/pl\/wp-json\/wp\/v2\/product_cat?post=1175650"},{"taxonomy":"product_tag","embeddable":true,"href":"https:\/\/universeproduction.com\/pl\/wp-json\/wp\/v2\/product_tag?post=1175650"}],"curies":[{"name":"wp","href":"https:\/\/api.w.org\/{rel}","templated":true}]}}