{"id":1175429,"date":"2022-09-29T13:10:19","date_gmt":"2022-09-29T13:10:19","guid":{"rendered":"https:\/\/universeproduction.eu\/product\/valueweight-v-neck-t\/"},"modified":"2022-09-29T13:10:19","modified_gmt":"2022-09-29T13:10:19","slug":"valueweight-v-neck-t","status":"publish","type":"product","link":"https:\/\/universeproduction.com\/pl\/produkt\/valueweight-v-neck-t\/","title":{"rendered":"Valueweight V-Neck T"},"content":{"rendered":"<p>Pr\u0105\u017ckowany dekolt w szpic z dzianiny bawe\u0142nianej z dodatkiem Lycry\u00ae | Ta\u015bma z tego samego materia\u0142u na karku | Tkanina o drobnym splocie<\/p>\n","protected":false},"excerpt":{"rendered":"<p>Pr\u0105\u017ckowany dekolt w szpic z dzianiny bawe\u0142nianej z dodatkiem Lycry\u00ae | Ta\u015bma z tego samego materia\u0142u na karku | Tkanina o drobnym splocie<\/p>\n","protected":false},"featured_media":1225492,"template":"","meta":[],"product_cat":[99839,99854],"product_tag":[],"_links":{"self":[{"href":"https:\/\/universeproduction.com\/pl\/wp-json\/wp\/v2\/product\/1175429"}],"collection":[{"href":"https:\/\/universeproduction.com\/pl\/wp-json\/wp\/v2\/product"}],"about":[{"href":"https:\/\/universeproduction.com\/pl\/wp-json\/wp\/v2\/types\/product"}],"wp:featuredmedia":[{"embeddable":true,"href":"https:\/\/universeproduction.com\/pl\/wp-json\/wp\/v2\/media\/1225492"}],"wp:attachment":[{"href":"https:\/\/universeproduction.com\/pl\/wp-json\/wp\/v2\/media?parent=1175429"}],"wp:term":[{"taxonomy":"product_cat","embeddable":true,"href":"https:\/\/universeproduction.com\/pl\/wp-json\/wp\/v2\/product_cat?post=1175429"},{"taxonomy":"product_tag","embeddable":true,"href":"https:\/\/universeproduction.com\/pl\/wp-json\/wp\/v2\/product_tag?post=1175429"}],"curies":[{"name":"wp","href":"https:\/\/api.w.org\/{rel}","templated":true}]}}