{"id":1175383,"date":"2022-09-29T13:09:04","date_gmt":"2022-09-29T13:09:04","guid":{"rendered":"https:\/\/universeproduction.eu\/product\/short-sleeve-baseball-t\/"},"modified":"2022-09-29T13:09:04","modified_gmt":"2022-09-29T13:09:04","slug":"short-sleeve-baseball-t","status":"publish","type":"product","link":"https:\/\/universeproduction.com\/pl\/produkt\/short-sleeve-baseball-t\/","title":{"rendered":"Short Sleeve Baseball T"},"content":{"rendered":"<p>Okr\u0105g\u0142y dekolt ze \u015bci\u0105gaczem z dzianiny pr\u0105\u017ckowanej z domieszk\u0105 Lycry\u00ae | Tkanina o drobnym splocie<\/p>\n","protected":false},"excerpt":{"rendered":"<p>Okr\u0105g\u0142y dekolt ze \u015bci\u0105gaczem z dzianiny pr\u0105\u017ckowanej z domieszk\u0105 Lycry\u00ae | Tkanina o drobnym splocie<\/p>\n","protected":false},"featured_media":1225100,"template":"","meta":[],"product_cat":[99855,99839,99854],"product_tag":[],"_links":{"self":[{"href":"https:\/\/universeproduction.com\/pl\/wp-json\/wp\/v2\/product\/1175383"}],"collection":[{"href":"https:\/\/universeproduction.com\/pl\/wp-json\/wp\/v2\/product"}],"about":[{"href":"https:\/\/universeproduction.com\/pl\/wp-json\/wp\/v2\/types\/product"}],"wp:featuredmedia":[{"embeddable":true,"href":"https:\/\/universeproduction.com\/pl\/wp-json\/wp\/v2\/media\/1225100"}],"wp:attachment":[{"href":"https:\/\/universeproduction.com\/pl\/wp-json\/wp\/v2\/media?parent=1175383"}],"wp:term":[{"taxonomy":"product_cat","embeddable":true,"href":"https:\/\/universeproduction.com\/pl\/wp-json\/wp\/v2\/product_cat?post=1175383"},{"taxonomy":"product_tag","embeddable":true,"href":"https:\/\/universeproduction.com\/pl\/wp-json\/wp\/v2\/product_tag?post=1175383"}],"curies":[{"name":"wp","href":"https:\/\/api.w.org\/{rel}","templated":true}]}}