{"id":1175253,"date":"2022-09-29T13:07:23","date_gmt":"2022-09-29T13:07:23","guid":{"rendered":"https:\/\/universeproduction.eu\/product\/inspire-v-t-men_\/"},"modified":"2022-09-29T13:07:23","modified_gmt":"2022-09-29T13:07:23","slug":"inspire-v-t-men_","status":"publish","type":"product","link":"https:\/\/universeproduction.com\/pl\/produkt\/inspire-v-t-men_\/","title":{"rendered":"Inspire V T \/Men_\u00b0"},"content":{"rendered":"<p>100% czesana, organiczna bawe\u0142na ring spun | Szwy boczne | Lekko dopasowany kr\u00f3j | Pr\u0105\u017ckowany dekolt w szpic | Ta\u015bma wzmacniaj\u0105ca na karku i ramionach | Neutralna metka rozmiarowa | B&#038;C Collection jest cz\u0142onkiem Fair Wear Foundation<\/p>\n","protected":false},"excerpt":{"rendered":"<p>100% czesana, organiczna bawe\u0142na ring spun | Szwy boczne | Lekko dopasowany kr\u00f3j | Pr\u0105\u017ckowany dekolt w szpic | Ta\u015bma wzmacniaj\u0105ca na karku i ramionach | Neutralna metka rozmiarowa | B&#038;C Collection jest cz\u0142onkiem Fair Wear Foundation<\/p>\n","protected":false},"featured_media":781975,"template":"","meta":[],"product_cat":[99855,99839,99854],"product_tag":[],"_links":{"self":[{"href":"https:\/\/universeproduction.com\/pl\/wp-json\/wp\/v2\/product\/1175253"}],"collection":[{"href":"https:\/\/universeproduction.com\/pl\/wp-json\/wp\/v2\/product"}],"about":[{"href":"https:\/\/universeproduction.com\/pl\/wp-json\/wp\/v2\/types\/product"}],"wp:featuredmedia":[{"embeddable":true,"href":"https:\/\/universeproduction.com\/pl\/wp-json\/wp\/v2\/media\/781975"}],"wp:attachment":[{"href":"https:\/\/universeproduction.com\/pl\/wp-json\/wp\/v2\/media?parent=1175253"}],"wp:term":[{"taxonomy":"product_cat","embeddable":true,"href":"https:\/\/universeproduction.com\/pl\/wp-json\/wp\/v2\/product_cat?post=1175253"},{"taxonomy":"product_tag","embeddable":true,"href":"https:\/\/universeproduction.com\/pl\/wp-json\/wp\/v2\/product_tag?post=1175253"}],"curies":[{"name":"wp","href":"https:\/\/api.w.org\/{rel}","templated":true}]}}