{"id":1175129,"date":"2022-09-29T13:06:07","date_gmt":"2022-09-29T13:06:07","guid":{"rendered":"https:\/\/universeproduction.eu\/product\/ben-v-neck\/"},"modified":"2022-09-29T13:06:07","modified_gmt":"2022-09-29T13:06:07","slug":"ben-v-neck","status":"publish","type":"product","link":"https:\/\/universeproduction.com\/pl\/produkt\/ben-v-neck\/","title":{"rendered":"Ben V-Neck"},"content":{"rendered":"<p>Ta\u015bma wzmacniaj\u0105ca na ramionach | Dekolt w szpic z lam\u00f3wk\u0105 | Fason slim fit<\/p>\n","protected":false},"excerpt":{"rendered":"<p>Ta\u015bma wzmacniaj\u0105ca na ramionach | Dekolt w szpic z lam\u00f3wk\u0105 | Fason slim fit<\/p>\n","protected":false},"featured_media":1139821,"template":"","meta":[],"product_cat":[99839,99854],"product_tag":[],"_links":{"self":[{"href":"https:\/\/universeproduction.com\/pl\/wp-json\/wp\/v2\/product\/1175129"}],"collection":[{"href":"https:\/\/universeproduction.com\/pl\/wp-json\/wp\/v2\/product"}],"about":[{"href":"https:\/\/universeproduction.com\/pl\/wp-json\/wp\/v2\/types\/product"}],"wp:featuredmedia":[{"embeddable":true,"href":"https:\/\/universeproduction.com\/pl\/wp-json\/wp\/v2\/media\/1139821"}],"wp:attachment":[{"href":"https:\/\/universeproduction.com\/pl\/wp-json\/wp\/v2\/media?parent=1175129"}],"wp:term":[{"taxonomy":"product_cat","embeddable":true,"href":"https:\/\/universeproduction.com\/pl\/wp-json\/wp\/v2\/product_cat?post=1175129"},{"taxonomy":"product_tag","embeddable":true,"href":"https:\/\/universeproduction.com\/pl\/wp-json\/wp\/v2\/product_tag?post=1175129"}],"curies":[{"name":"wp","href":"https:\/\/api.w.org\/{rel}","templated":true}]}}