{"id":1174986,"date":"2022-09-29T13:04:26","date_gmt":"2022-09-29T13:04:26","guid":{"rendered":"https:\/\/universeproduction.eu\/product\/urban-v-neck\/"},"modified":"2022-09-29T13:04:26","modified_gmt":"2022-09-29T13:04:26","slug":"urban-v-neck","status":"publish","type":"product","link":"https:\/\/universeproduction.com\/pl\/produkt\/urban-v-neck\/","title":{"rendered":"Urban V-Neck"},"content":{"rendered":"<p>Ta\u015bma wzmacniaj\u0105ca na ramionach | Dekolt w szpic z lam\u00f3wk\u0105 | Fason slim fit<\/p>\n","protected":false},"excerpt":{"rendered":"<p>Ta\u015bma wzmacniaj\u0105ca na ramionach | Dekolt w szpic z lam\u00f3wk\u0105 | Fason slim fit<\/p>\n","protected":false},"featured_media":895801,"template":"","meta":[],"product_cat":[99855,99839,99854],"product_tag":[],"_links":{"self":[{"href":"https:\/\/universeproduction.com\/pl\/wp-json\/wp\/v2\/product\/1174986"}],"collection":[{"href":"https:\/\/universeproduction.com\/pl\/wp-json\/wp\/v2\/product"}],"about":[{"href":"https:\/\/universeproduction.com\/pl\/wp-json\/wp\/v2\/types\/product"}],"wp:featuredmedia":[{"embeddable":true,"href":"https:\/\/universeproduction.com\/pl\/wp-json\/wp\/v2\/media\/895801"}],"wp:attachment":[{"href":"https:\/\/universeproduction.com\/pl\/wp-json\/wp\/v2\/media?parent=1174986"}],"wp:term":[{"taxonomy":"product_cat","embeddable":true,"href":"https:\/\/universeproduction.com\/pl\/wp-json\/wp\/v2\/product_cat?post=1174986"},{"taxonomy":"product_tag","embeddable":true,"href":"https:\/\/universeproduction.com\/pl\/wp-json\/wp\/v2\/product_tag?post=1174986"}],"curies":[{"name":"wp","href":"https:\/\/api.w.org\/{rel}","templated":true}]}}