{"id":1174887,"date":"2022-09-29T13:02:22","date_gmt":"2022-09-29T13:02:22","guid":{"rendered":"https:\/\/universeproduction.eu\/product\/iconic-150-v-neck-t\/"},"modified":"2022-09-29T13:02:22","modified_gmt":"2022-09-29T13:02:22","slug":"iconic-150-v-neck-t","status":"publish","type":"product","link":"https:\/\/universeproduction.com\/pl\/produkt\/iconic-150-v-neck-t\/","title":{"rendered":"Iconic 150 V Neck T"},"content":{"rendered":"<p>Bawe\u0142na czesana typu ring-spun | Mi\u0119kki w dotyku materia\u0142 | Fason slim fit | W\u0105ski, pr\u0105\u017ckowany 1&#215;1 dekolt w szpic | Ta\u015bma wzmacniaj\u0105ca na karku | Metka TearAway<\/p>\n","protected":false},"excerpt":{"rendered":"<p>Bawe\u0142na czesana typu ring-spun | Mi\u0119kki w dotyku materia\u0142 | Fason slim fit | W\u0105ski, pr\u0105\u017ckowany 1&#215;1 dekolt w szpic | Ta\u015bma wzmacniaj\u0105ca na karku | Metka TearAway<\/p>\n","protected":false},"featured_media":1225112,"template":"","meta":[],"product_cat":[99855,99839,99854],"product_tag":[],"_links":{"self":[{"href":"https:\/\/universeproduction.com\/pl\/wp-json\/wp\/v2\/product\/1174887"}],"collection":[{"href":"https:\/\/universeproduction.com\/pl\/wp-json\/wp\/v2\/product"}],"about":[{"href":"https:\/\/universeproduction.com\/pl\/wp-json\/wp\/v2\/types\/product"}],"wp:featuredmedia":[{"embeddable":true,"href":"https:\/\/universeproduction.com\/pl\/wp-json\/wp\/v2\/media\/1225112"}],"wp:attachment":[{"href":"https:\/\/universeproduction.com\/pl\/wp-json\/wp\/v2\/media?parent=1174887"}],"wp:term":[{"taxonomy":"product_cat","embeddable":true,"href":"https:\/\/universeproduction.com\/pl\/wp-json\/wp\/v2\/product_cat?post=1174887"},{"taxonomy":"product_tag","embeddable":true,"href":"https:\/\/universeproduction.com\/pl\/wp-json\/wp\/v2\/product_tag?post=1174887"}],"curies":[{"name":"wp","href":"https:\/\/api.w.org\/{rel}","templated":true}]}}