{"id":1174845,"date":"2022-09-29T13:00:43","date_gmt":"2022-09-29T13:00:43","guid":{"rendered":"https:\/\/universeproduction.eu\/product\/david-oversized-crew-neck\/"},"modified":"2022-09-29T13:00:43","modified_gmt":"2022-09-29T13:00:43","slug":"david-oversized-crew-neck","status":"publish","type":"product","link":"https:\/\/universeproduction.com\/pl\/produkt\/david-oversized-crew-neck\/","title":{"rendered":"David Oversized Crew Neck"},"content":{"rendered":"<p>Single jersey w melan\u017cowych odcieniach | W\u0105ski, p\u00f3\u0142okr\u0105g\u0142y dekolt z lam\u00f3wk\u0105 z tej samej tkaniny | Szerokie wyci\u0119cie dekoltu | Mi\u0119kki, lekki i jedwabisty materia\u0142 z wiskoz\u0105 | Metka rozmiarowa i dot. sposobu konserwacji na karku | Szwy boczne | Fason oversize<\/p>\n","protected":false},"excerpt":{"rendered":"<p>Single jersey w melan\u017cowych odcieniach | W\u0105ski, p\u00f3\u0142okr\u0105g\u0142y dekolt z lam\u00f3wk\u0105 z tej samej tkaniny | Szerokie wyci\u0119cie dekoltu | Mi\u0119kki, lekki i jedwabisty materia\u0142 z wiskoz\u0105 | Metka rozmiarowa i dot. sposobu konserwacji na karku | Szwy boczne | Fason oversize<\/p>\n","protected":false},"featured_media":1140076,"template":"","meta":[],"product_cat":[99855,99839,99854],"product_tag":[],"_links":{"self":[{"href":"https:\/\/universeproduction.com\/pl\/wp-json\/wp\/v2\/product\/1174845"}],"collection":[{"href":"https:\/\/universeproduction.com\/pl\/wp-json\/wp\/v2\/product"}],"about":[{"href":"https:\/\/universeproduction.com\/pl\/wp-json\/wp\/v2\/types\/product"}],"wp:featuredmedia":[{"embeddable":true,"href":"https:\/\/universeproduction.com\/pl\/wp-json\/wp\/v2\/media\/1140076"}],"wp:attachment":[{"href":"https:\/\/universeproduction.com\/pl\/wp-json\/wp\/v2\/media?parent=1174845"}],"wp:term":[{"taxonomy":"product_cat","embeddable":true,"href":"https:\/\/universeproduction.com\/pl\/wp-json\/wp\/v2\/product_cat?post=1174845"},{"taxonomy":"product_tag","embeddable":true,"href":"https:\/\/universeproduction.com\/pl\/wp-json\/wp\/v2\/product_tag?post=1174845"}],"curies":[{"name":"wp","href":"https:\/\/api.w.org\/{rel}","templated":true}]}}