{"id":1174285,"date":"2022-09-29T12:48:41","date_gmt":"2022-09-29T12:48:41","guid":{"rendered":"https:\/\/universeproduction.eu\/product\/mens-dogo-premium-t-shirt\/"},"modified":"2022-09-29T12:48:41","modified_gmt":"2022-09-29T12:48:41","slug":"mens-dogo-premium-t-shirt","status":"publish","type":"product","link":"https:\/\/universeproduction.com\/pl\/produkt\/mens-dogo-premium-t-shirt\/","title":{"rendered":"Men\u00b4s Dogo Premium T-Shirt"},"content":{"rendered":"<p>Single jersey | T-shirt z kr\u00f3tkim r\u0119kawem | Czterowarstwowy okr\u0105g\u0142y dekolt | Ta\u015bma wzmacniaj\u0105ca na ca\u0142ej szeroko\u015bci ramion | Szwy boczne | Odrywana metka<\/p>\n","protected":false},"excerpt":{"rendered":"<p>Single jersey | T-shirt z kr\u00f3tkim r\u0119kawem | Czterowarstwowy okr\u0105g\u0142y dekolt | Ta\u015bma wzmacniaj\u0105ca na ca\u0142ej szeroko\u015bci ramion | Szwy boczne | Odrywana metka<\/p>\n","protected":false},"featured_media":1139983,"template":"","meta":[],"product_cat":[99855,99839,99854],"product_tag":[],"_links":{"self":[{"href":"https:\/\/universeproduction.com\/pl\/wp-json\/wp\/v2\/product\/1174285"}],"collection":[{"href":"https:\/\/universeproduction.com\/pl\/wp-json\/wp\/v2\/product"}],"about":[{"href":"https:\/\/universeproduction.com\/pl\/wp-json\/wp\/v2\/types\/product"}],"wp:featuredmedia":[{"embeddable":true,"href":"https:\/\/universeproduction.com\/pl\/wp-json\/wp\/v2\/media\/1139983"}],"wp:attachment":[{"href":"https:\/\/universeproduction.com\/pl\/wp-json\/wp\/v2\/media?parent=1174285"}],"wp:term":[{"taxonomy":"product_cat","embeddable":true,"href":"https:\/\/universeproduction.com\/pl\/wp-json\/wp\/v2\/product_cat?post=1174285"},{"taxonomy":"product_tag","embeddable":true,"href":"https:\/\/universeproduction.com\/pl\/wp-json\/wp\/v2\/product_tag?post=1174285"}],"curies":[{"name":"wp","href":"https:\/\/api.w.org\/{rel}","templated":true}]}}