{"id":1174193,"date":"2022-09-29T11:30:12","date_gmt":"2022-09-29T11:30:12","guid":{"rendered":"https:\/\/universeproduction.eu\/product\/mens-texas-tank-top\/"},"modified":"2022-09-29T11:30:12","modified_gmt":"2022-09-29T11:30:12","slug":"mens-texas-tank-top","status":"publish","type":"product","link":"https:\/\/universeproduction.com\/pl\/produkt\/mens-texas-tank-top\/","title":{"rendered":"Men\u00b4s Texas Tank Top"},"content":{"rendered":"<p>Single jersey | Szerokie rami\u0105czka | Taliowana | D\u017cersejowa lam\u00f3wka na dekolcie i wyci\u0119ciu pach | Boczne szwy wzmocnione czteronitkowym overlockiem | Odrywana metka<\/p>\n","protected":false},"excerpt":{"rendered":"<p>Single jersey | Szerokie rami\u0105czka | Taliowana | D\u017cersejowa lam\u00f3wka na dekolcie i wyci\u0119ciu pach | Boczne szwy wzmocnione czteronitkowym overlockiem | Odrywana metka<\/p>\n","protected":false},"featured_media":1139710,"template":"","meta":[],"product_cat":[100153,99839,99854],"product_tag":[],"_links":{"self":[{"href":"https:\/\/universeproduction.com\/pl\/wp-json\/wp\/v2\/product\/1174193"}],"collection":[{"href":"https:\/\/universeproduction.com\/pl\/wp-json\/wp\/v2\/product"}],"about":[{"href":"https:\/\/universeproduction.com\/pl\/wp-json\/wp\/v2\/types\/product"}],"wp:featuredmedia":[{"embeddable":true,"href":"https:\/\/universeproduction.com\/pl\/wp-json\/wp\/v2\/media\/1139710"}],"wp:attachment":[{"href":"https:\/\/universeproduction.com\/pl\/wp-json\/wp\/v2\/media?parent=1174193"}],"wp:term":[{"taxonomy":"product_cat","embeddable":true,"href":"https:\/\/universeproduction.com\/pl\/wp-json\/wp\/v2\/product_cat?post=1174193"},{"taxonomy":"product_tag","embeddable":true,"href":"https:\/\/universeproduction.com\/pl\/wp-json\/wp\/v2\/product_tag?post=1174193"}],"curies":[{"name":"wp","href":"https:\/\/api.w.org\/{rel}","templated":true}]}}