{"id":1174140,"date":"2022-09-29T11:29:46","date_gmt":"2022-09-29T11:29:46","guid":{"rendered":"https:\/\/universeproduction.eu\/product\/mens-muscle-vest\/"},"modified":"2022-09-29T11:29:46","modified_gmt":"2022-09-29T11:29:46","slug":"mens-muscle-vest","status":"publish","type":"product","link":"https:\/\/universeproduction.com\/pl\/produkt\/mens-muscle-vest\/","title":{"rendered":"Men\u00b4s Muscle Vest"},"content":{"rendered":"<p>Kr\u00f3j plec\u00f3w typu racerback | Przed\u0142u\u017cony kr\u00f3j | Lam\u00f3wka dekoltu i wyci\u0119cia pach z tej samej tkaniny | D\u00f3\u0142 koszulki wyko\u0144czony szwem podw\u00f3jnym | Odrywana metka SF (Skinnifit)<\/p>\n","protected":false},"excerpt":{"rendered":"<p>Kr\u00f3j plec\u00f3w typu racerback | Przed\u0142u\u017cony kr\u00f3j | Lam\u00f3wka dekoltu i wyci\u0119cia pach z tej samej tkaniny | D\u00f3\u0142 koszulki wyko\u0144czony szwem podw\u00f3jnym | Odrywana metka SF (Skinnifit)<\/p>\n","protected":false},"featured_media":1139692,"template":"","meta":[],"product_cat":[100153,99839,99854],"product_tag":[],"_links":{"self":[{"href":"https:\/\/universeproduction.com\/pl\/wp-json\/wp\/v2\/product\/1174140"}],"collection":[{"href":"https:\/\/universeproduction.com\/pl\/wp-json\/wp\/v2\/product"}],"about":[{"href":"https:\/\/universeproduction.com\/pl\/wp-json\/wp\/v2\/types\/product"}],"wp:featuredmedia":[{"embeddable":true,"href":"https:\/\/universeproduction.com\/pl\/wp-json\/wp\/v2\/media\/1139692"}],"wp:attachment":[{"href":"https:\/\/universeproduction.com\/pl\/wp-json\/wp\/v2\/media?parent=1174140"}],"wp:term":[{"taxonomy":"product_cat","embeddable":true,"href":"https:\/\/universeproduction.com\/pl\/wp-json\/wp\/v2\/product_cat?post=1174140"},{"taxonomy":"product_tag","embeddable":true,"href":"https:\/\/universeproduction.com\/pl\/wp-json\/wp\/v2\/product_tag?post=1174140"}],"curies":[{"name":"wp","href":"https:\/\/api.w.org\/{rel}","templated":true}]}}