{"id":1174122,"date":"2022-09-29T11:29:45","date_gmt":"2022-09-29T11:29:45","guid":{"rendered":"https:\/\/universeproduction.eu\/product\/tank-top\/"},"modified":"2022-09-29T11:29:45","modified_gmt":"2022-09-29T11:29:45","slug":"tank-top","status":"publish","type":"product","link":"https:\/\/universeproduction.com\/pl\/produkt\/tank-top\/","title":{"rendered":"Tank Top"},"content":{"rendered":"<p>Bawe\u0142na ring-spun | Single jersey | Dopasowany fason | Lam\u00f3wka przy dekolcie i wykroju pach | Szwy boczne | Wysokiej jako\u015bci tkana metka na ko\u0142nierzu | Metka Tearaway\u00ae w szwie bocznym | Mo\u017cliwo\u015b\u0107 prania w temp. do 40\u00b0C<\/p>\n","protected":false},"excerpt":{"rendered":"<p>Bawe\u0142na ring-spun | Single jersey | Dopasowany fason | Lam\u00f3wka przy dekolcie i wykroju pach | Szwy boczne | Wysokiej jako\u015bci tkana metka na ko\u0142nierzu | Metka Tearaway\u00ae w szwie bocznym | Mo\u017cliwo\u015b\u0107 prania w temp. do 40\u00b0C<\/p>\n","protected":false},"featured_media":1139680,"template":"","meta":[],"product_cat":[100153,99839,99854],"product_tag":[],"_links":{"self":[{"href":"https:\/\/universeproduction.com\/pl\/wp-json\/wp\/v2\/product\/1174122"}],"collection":[{"href":"https:\/\/universeproduction.com\/pl\/wp-json\/wp\/v2\/product"}],"about":[{"href":"https:\/\/universeproduction.com\/pl\/wp-json\/wp\/v2\/types\/product"}],"wp:featuredmedia":[{"embeddable":true,"href":"https:\/\/universeproduction.com\/pl\/wp-json\/wp\/v2\/media\/1139680"}],"wp:attachment":[{"href":"https:\/\/universeproduction.com\/pl\/wp-json\/wp\/v2\/media?parent=1174122"}],"wp:term":[{"taxonomy":"product_cat","embeddable":true,"href":"https:\/\/universeproduction.com\/pl\/wp-json\/wp\/v2\/product_cat?post=1174122"},{"taxonomy":"product_tag","embeddable":true,"href":"https:\/\/universeproduction.com\/pl\/wp-json\/wp\/v2\/product_tag?post=1174122"}],"curies":[{"name":"wp","href":"https:\/\/api.w.org\/{rel}","templated":true}]}}