{"id":1174029,"date":"2022-09-29T10:49:10","date_gmt":"2022-09-29T10:49:10","guid":{"rendered":"https:\/\/universeproduction.eu\/product\/inspire-tank-t-men_\/"},"modified":"2022-09-29T10:49:10","modified_gmt":"2022-09-29T10:49:10","slug":"inspire-tank-t-men_","status":"publish","type":"product","link":"https:\/\/universeproduction.com\/pl\/produkt\/inspire-tank-t-men_\/","title":{"rendered":"Inspire Tank T \/Men_\u00b0"},"content":{"rendered":"<p>100% czesana, organiczna bawe\u0142na ring spun|Neutralna metka rozmiarowa \u201eB&#038;C No Neck-Label\u201d|Lekko dopasowany kr\u00f3j|Lam\u00f3wka na dekolcie|Organiczny, mi\u0119kki Jersey|Bardzo g\u0142adka powierzchnia|B&#038;C Collection jest cz\u0142onkiem Fair Wear Foundation<\/p>\n","protected":false},"excerpt":{"rendered":"<p>100% czesana, organiczna bawe\u0142na ring spun|Neutralna metka rozmiarowa \u201eB&#038;C No Neck-Label\u201d|Lekko dopasowany kr\u00f3j|Lam\u00f3wka na dekolcie|Organiczny, mi\u0119kki Jersey|Bardzo g\u0142adka powierzchnia|B&#038;C Collection jest cz\u0142onkiem Fair Wear Foundation<\/p>\n","protected":false},"featured_media":772160,"template":"","meta":[],"product_cat":[100153,99839,99854],"product_tag":[],"_links":{"self":[{"href":"https:\/\/universeproduction.com\/pl\/wp-json\/wp\/v2\/product\/1174029"}],"collection":[{"href":"https:\/\/universeproduction.com\/pl\/wp-json\/wp\/v2\/product"}],"about":[{"href":"https:\/\/universeproduction.com\/pl\/wp-json\/wp\/v2\/types\/product"}],"wp:featuredmedia":[{"embeddable":true,"href":"https:\/\/universeproduction.com\/pl\/wp-json\/wp\/v2\/media\/772160"}],"wp:attachment":[{"href":"https:\/\/universeproduction.com\/pl\/wp-json\/wp\/v2\/media?parent=1174029"}],"wp:term":[{"taxonomy":"product_cat","embeddable":true,"href":"https:\/\/universeproduction.com\/pl\/wp-json\/wp\/v2\/product_cat?post=1174029"},{"taxonomy":"product_tag","embeddable":true,"href":"https:\/\/universeproduction.com\/pl\/wp-json\/wp\/v2\/product_tag?post=1174029"}],"curies":[{"name":"wp","href":"https:\/\/api.w.org\/{rel}","templated":true}]}}