{"id":1173970,"date":"2022-09-29T09:05:51","date_gmt":"2022-09-29T09:05:51","guid":{"rendered":"https:\/\/universeproduction.eu\/product\/softstyle-tank-top\/"},"modified":"2022-09-29T09:05:51","modified_gmt":"2022-09-29T09:05:51","slug":"softstyle-tank-top","status":"publish","type":"product","link":"https:\/\/universeproduction.com\/pl\/produkt\/softstyle-tank-top\/","title":{"rendered":"Softstyle\u00ae Tank Top"},"content":{"rendered":"<p>Bawe\u0142na ring-spun | Mi\u0119kka tkanina typu ring-spun | G\u0142adka powierzchnia materia\u0142u poch\u0142aniaj\u0105cego wilgo\u0107 | Lam\u00f3wka z tego samego materia\u0142u na dekolcie i wyci\u0119ciach pach | Lekko dopasowany kr\u00f3j, bez szw\u00f3w bocznych | Odrywana metka w kolorze szarym z po\u0142yskiem<\/p>\n","protected":false},"excerpt":{"rendered":"<p>Bawe\u0142na ring-spun | Mi\u0119kka tkanina typu ring-spun | G\u0142adka powierzchnia materia\u0142u poch\u0142aniaj\u0105cego wilgo\u0107 | Lam\u00f3wka z tego samego materia\u0142u na dekolcie i wyci\u0119ciach pach | Lekko dopasowany kr\u00f3j, bez szw\u00f3w bocznych | Odrywana metka w kolorze szarym z po\u0142yskiem<\/p>\n","protected":false},"featured_media":1152464,"template":"","meta":[],"product_cat":[100153,99839,99854],"product_tag":[],"_links":{"self":[{"href":"https:\/\/universeproduction.com\/pl\/wp-json\/wp\/v2\/product\/1173970"}],"collection":[{"href":"https:\/\/universeproduction.com\/pl\/wp-json\/wp\/v2\/product"}],"about":[{"href":"https:\/\/universeproduction.com\/pl\/wp-json\/wp\/v2\/types\/product"}],"wp:featuredmedia":[{"embeddable":true,"href":"https:\/\/universeproduction.com\/pl\/wp-json\/wp\/v2\/media\/1152464"}],"wp:attachment":[{"href":"https:\/\/universeproduction.com\/pl\/wp-json\/wp\/v2\/media?parent=1173970"}],"wp:term":[{"taxonomy":"product_cat","embeddable":true,"href":"https:\/\/universeproduction.com\/pl\/wp-json\/wp\/v2\/product_cat?post=1173970"},{"taxonomy":"product_tag","embeddable":true,"href":"https:\/\/universeproduction.com\/pl\/wp-json\/wp\/v2\/product_tag?post=1173970"}],"curies":[{"name":"wp","href":"https:\/\/api.w.org\/{rel}","templated":true}]}}