{"id":1173803,"date":"2022-09-29T09:01:59","date_gmt":"2022-09-29T09:01:59","guid":{"rendered":"https:\/\/universeproduction.eu\/product\/mens-tank-top-justin\/"},"modified":"2022-09-29T09:01:59","modified_gmt":"2022-09-29T09:01:59","slug":"mens-tank-top-justin","status":"publish","type":"product","link":"https:\/\/universeproduction.com\/pl\/produkt\/mens-tank-top-justin\/","title":{"rendered":"Men\u00b4s Tank Top Justin"},"content":{"rendered":"<p>Pr\u0105\u017ckowane lam\u00f3wki | Brak szw\u00f3w bocznych | P\u00f3\u0142 szczotkowana bawe\u0142na ring-spun<\/p>\n","protected":false},"excerpt":{"rendered":"<p>Pr\u0105\u017ckowane lam\u00f3wki | Brak szw\u00f3w bocznych | P\u00f3\u0142 szczotkowana bawe\u0142na ring-spun<\/p>\n","protected":false},"featured_media":1225121,"template":"","meta":[],"product_cat":[100153,99839,99854],"product_tag":[],"_links":{"self":[{"href":"https:\/\/universeproduction.com\/pl\/wp-json\/wp\/v2\/product\/1173803"}],"collection":[{"href":"https:\/\/universeproduction.com\/pl\/wp-json\/wp\/v2\/product"}],"about":[{"href":"https:\/\/universeproduction.com\/pl\/wp-json\/wp\/v2\/types\/product"}],"wp:featuredmedia":[{"embeddable":true,"href":"https:\/\/universeproduction.com\/pl\/wp-json\/wp\/v2\/media\/1225121"}],"wp:attachment":[{"href":"https:\/\/universeproduction.com\/pl\/wp-json\/wp\/v2\/media?parent=1173803"}],"wp:term":[{"taxonomy":"product_cat","embeddable":true,"href":"https:\/\/universeproduction.com\/pl\/wp-json\/wp\/v2\/product_cat?post=1173803"},{"taxonomy":"product_tag","embeddable":true,"href":"https:\/\/universeproduction.com\/pl\/wp-json\/wp\/v2\/product_tag?post=1173803"}],"curies":[{"name":"wp","href":"https:\/\/api.w.org\/{rel}","templated":true}]}}