{"id":1173639,"date":"2022-09-29T08:46:36","date_gmt":"2022-09-29T08:46:36","guid":{"rendered":"https:\/\/universeproduction.eu\/product\/clive-crew-neck\/"},"modified":"2023-01-02T06:35:04","modified_gmt":"2023-01-02T06:35:04","slug":"clive-crew-neck","status":"publish","type":"product","link":"https:\/\/universeproduction.com\/pl\/produkt\/clive-crew-neck\/","title":{"rendered":"Clive Crew Neck"},"content":{"rendered":"<p>95% bawe\u0142na czesana ring-spun z domieszk\u0105 5% elastanu | Single jersey \u201eFull Feeder\u201d | Szwy wzmacniaj\u0105ce na ramionach | Kontrastowa ta\u015bma wzmacniaj\u0105ca na karku w kolorze Slate Grey ; w koszulce Slate Grey ta\u015bma w kolorze Black Opal | W\u0105ski dekolt | Cienka lam\u00f3wka r\u0119kaw\u00f3w z tej samej tkaniny | Ma\u0142a metka rozmiarowa na karku | Metka dot. piel\u0119gnacji w szwie bocznym | Szwy boczne | Mo\u017cliwo\u015b\u0107 prania w temp. do 40\u00b0C | Dopasowany fason<\/p>\n","protected":false},"excerpt":{"rendered":"<p>95% bawe\u0142na czesana ring-spun z domieszk\u0105 5% elastanu | Single jersey \u201eFull Feeder\u201d | Szwy wzmacniaj\u0105ce na ramionach | Kontrastowa ta\u015bma wzmacniaj\u0105ca na karku w kolorze Slate Grey ; w koszulce Slate Grey ta\u015bma w kolorze Black Opal | W\u0105ski dekolt | Cienka lam\u00f3wka r\u0119kaw\u00f3w z tej samej tkaniny | Ma\u0142a metka rozmiarowa na karku [&hellip;]<\/p>\n","protected":false},"featured_media":1139941,"template":"","meta":[],"product_cat":[99855,99839,99854],"product_tag":[],"_links":{"self":[{"href":"https:\/\/universeproduction.com\/pl\/wp-json\/wp\/v2\/product\/1173639"}],"collection":[{"href":"https:\/\/universeproduction.com\/pl\/wp-json\/wp\/v2\/product"}],"about":[{"href":"https:\/\/universeproduction.com\/pl\/wp-json\/wp\/v2\/types\/product"}],"wp:featuredmedia":[{"embeddable":true,"href":"https:\/\/universeproduction.com\/pl\/wp-json\/wp\/v2\/media\/1139941"}],"wp:attachment":[{"href":"https:\/\/universeproduction.com\/pl\/wp-json\/wp\/v2\/media?parent=1173639"}],"wp:term":[{"taxonomy":"product_cat","embeddable":true,"href":"https:\/\/universeproduction.com\/pl\/wp-json\/wp\/v2\/product_cat?post=1173639"},{"taxonomy":"product_tag","embeddable":true,"href":"https:\/\/universeproduction.com\/pl\/wp-json\/wp\/v2\/product_tag?post=1173639"}],"curies":[{"name":"wp","href":"https:\/\/api.w.org\/{rel}","templated":true}]}}